{"id":1419,"date":"2021-06-29T20:57:26","date_gmt":"2021-06-30T00:57:26","guid":{"rendered":"https:\/\/redcapwalkingtours.com\/tours\/una-llameante-reunion-virtual\/"},"modified":"2021-06-29T21:33:58","modified_gmt":"2021-06-30T01:33:58","slug":"una-llameante-reunion-virtual","status":"publish","type":"page","link":"https:\/\/redcapwalkingtours.com\/es\/tours\/una-llameante-reunion-virtual\/","title":{"rendered":"Una Llameante Reuni\u00f3n Virtual!"},"content":{"rendered":"\t\t<div data-elementor-type=\"wp-page\" data-elementor-id=\"1419\" class=\"elementor elementor-1419\" data-elementor-post-type=\"page\">\n\t\t\t\t\t\t<section class=\"elementor-section elementor-top-section elementor-element elementor-element-20ce16a3 elementor-section-height-min-height elementor-section-content-middle elementor-section-boxed elementor-section-height-default elementor-section-items-middle\" data-id=\"20ce16a3\" data-element_type=\"section\" data-settings=\"{&quot;background_background&quot;:&quot;classic&quot;,&quot;jet_parallax_layout_list&quot;:[{&quot;_id&quot;:&quot;9d86151&quot;,&quot;jet_parallax_layout_image&quot;:{&quot;url&quot;:&quot;&quot;,&quot;id&quot;:&quot;&quot;,&quot;size&quot;:&quot;&quot;},&quot;jet_parallax_layout_image_tablet&quot;:{&quot;url&quot;:&quot;&quot;,&quot;id&quot;:&quot;&quot;,&quot;size&quot;:&quot;&quot;},&quot;jet_parallax_layout_image_mobile&quot;:{&quot;url&quot;:&quot;&quot;,&quot;id&quot;:&quot;&quot;,&quot;size&quot;:&quot;&quot;},&quot;jet_parallax_layout_speed&quot;:{&quot;unit&quot;:&quot;%&quot;,&quot;size&quot;:50,&quot;sizes&quot;:[]},&quot;jet_parallax_layout_type&quot;:&quot;scroll&quot;,&quot;jet_parallax_layout_direction&quot;:null,&quot;jet_parallax_layout_fx_direction&quot;:null,&quot;jet_parallax_layout_z_index&quot;:&quot;&quot;,&quot;jet_parallax_layout_bg_x&quot;:50,&quot;jet_parallax_layout_bg_x_tablet&quot;:&quot;&quot;,&quot;jet_parallax_layout_bg_x_mobile&quot;:&quot;&quot;,&quot;jet_parallax_layout_bg_y&quot;:50,&quot;jet_parallax_layout_bg_y_tablet&quot;:&quot;&quot;,&quot;jet_parallax_layout_bg_y_mobile&quot;:&quot;&quot;,&quot;jet_parallax_layout_bg_size&quot;:&quot;auto&quot;,&quot;jet_parallax_layout_bg_size_tablet&quot;:&quot;&quot;,&quot;jet_parallax_layout_bg_size_mobile&quot;:&quot;&quot;,&quot;jet_parallax_layout_animation_prop&quot;:&quot;transform&quot;,&quot;jet_parallax_layout_on&quot;:[&quot;desktop&quot;,&quot;tablet&quot;]}]}\">\n\t\t\t\t\t\t\t<div class=\"elementor-background-overlay\"><\/div>\n\t\t\t\t\t\t\t<div class=\"elementor-container elementor-column-gap-default\">\n\t\t\t\t\t<div class=\"elementor-column elementor-col-100 elementor-top-column elementor-element elementor-element-77241429\" data-id=\"77241429\" data-element_type=\"column\">\n\t\t\t<div class=\"elementor-widget-wrap elementor-element-populated\">\n\t\t\t\t\t\t<div class=\"elementor-element elementor-element-4ea2ad7b elementor-widget elementor-widget-heading\" data-id=\"4ea2ad7b\" data-element_type=\"widget\" data-widget_type=\"heading.default\">\n\t\t\t\t<div class=\"elementor-widget-container\">\n\t\t\t\t\t<h5 class=\"elementor-heading-title elementor-size-default\">Tours<\/h5>\t\t\t\t<\/div>\n\t\t\t\t<\/div>\n\t\t\t\t<div class=\"elementor-element elementor-element-71ae9ad4 elementor-widget elementor-widget-text-editor\" data-id=\"71ae9ad4\" data-element_type=\"widget\" data-widget_type=\"text-editor.default\">\n\t\t\t\t<div class=\"elementor-widget-container\">\n\t\t\t\t\t\t\t\t\t<p>La Paz es una ciudad como ninguna otra en la tierra. Su asombrosa altura (3.600 m \/ 11.800 pies) solo es superada por su incre\u00edble belleza.<\/p>\n\t\t\t\t\t\t\t\t<\/div>\n\t\t\t\t<\/div>\n\t\t\t\t\t<\/div>\n\t\t<\/div>\n\t\t\t\t\t<\/div>\n\t\t<\/section>\n\t\t\t\t<section class=\"elementor-section elementor-top-section elementor-element elementor-element-2b6f10c0 elementor-section-boxed elementor-section-height-default elementor-section-height-default\" data-id=\"2b6f10c0\" data-element_type=\"section\" data-settings=\"{&quot;jet_parallax_layout_list&quot;:[{&quot;_id&quot;:&quot;d172b35&quot;,&quot;jet_parallax_layout_image&quot;:{&quot;url&quot;:&quot;&quot;,&quot;id&quot;:&quot;&quot;,&quot;size&quot;:&quot;&quot;},&quot;jet_parallax_layout_image_tablet&quot;:{&quot;url&quot;:&quot;&quot;,&quot;id&quot;:&quot;&quot;,&quot;size&quot;:&quot;&quot;},&quot;jet_parallax_layout_image_mobile&quot;:{&quot;url&quot;:&quot;&quot;,&quot;id&quot;:&quot;&quot;,&quot;size&quot;:&quot;&quot;},&quot;jet_parallax_layout_speed&quot;:{&quot;unit&quot;:&quot;%&quot;,&quot;size&quot;:50,&quot;sizes&quot;:[]},&quot;jet_parallax_layout_type&quot;:&quot;scroll&quot;,&quot;jet_parallax_layout_direction&quot;:null,&quot;jet_parallax_layout_fx_direction&quot;:null,&quot;jet_parallax_layout_z_index&quot;:&quot;&quot;,&quot;jet_parallax_layout_bg_x&quot;:50,&quot;jet_parallax_layout_bg_x_tablet&quot;:&quot;&quot;,&quot;jet_parallax_layout_bg_x_mobile&quot;:&quot;&quot;,&quot;jet_parallax_layout_bg_y&quot;:50,&quot;jet_parallax_layout_bg_y_tablet&quot;:&quot;&quot;,&quot;jet_parallax_layout_bg_y_mobile&quot;:&quot;&quot;,&quot;jet_parallax_layout_bg_size&quot;:&quot;auto&quot;,&quot;jet_parallax_layout_bg_size_tablet&quot;:&quot;&quot;,&quot;jet_parallax_layout_bg_size_mobile&quot;:&quot;&quot;,&quot;jet_parallax_layout_animation_prop&quot;:&quot;transform&quot;,&quot;jet_parallax_layout_on&quot;:[&quot;desktop&quot;,&quot;tablet&quot;]}]}\">\n\t\t\t\t\t\t<div class=\"elementor-container elementor-column-gap-default\">\n\t\t\t\t\t<div class=\"elementor-column elementor-col-100 elementor-top-column elementor-element elementor-element-5f32e21c\" data-id=\"5f32e21c\" data-element_type=\"column\">\n\t\t\t<div class=\"elementor-widget-wrap elementor-element-populated\">\n\t\t\t\t\t\t<div class=\"elementor-element elementor-element-1c4c7545 elementor-widget elementor-widget-heading\" data-id=\"1c4c7545\" data-element_type=\"widget\" data-widget_type=\"heading.default\">\n\t\t\t\t<div class=\"elementor-widget-container\">\n\t\t\t\t\t<h4 class=\"elementor-heading-title elementor-size-default\">DESCRIPCION<\/h4>\t\t\t\t<\/div>\n\t\t\t\t<\/div>\n\t\t\t\t<div class=\"elementor-element elementor-element-5b0d0921 elementor-widget elementor-widget-text-editor\" data-id=\"5b0d0921\" data-element_type=\"widget\" data-widget_type=\"text-editor.default\">\n\t\t\t\t<div class=\"elementor-widget-container\">\n\t\t\t\t\t\t\t\t\t<p>Realiza tu siguiente reuni\u00f3n virtual Llamativo!&#8230; \u00bfCansado de la rutina en tus llamadas virtuales y\/o reuniones? Entonces agrega a una LLama en tu conversaci\u00f3n! Reuniones virtuales en grupo, horas felices en reuniones familiares o citas, ser\u00e1n mejores con Llamas y la oportunidad de ver en tiempo real a uno de los m\u00e1s \u00fanicos y adorables en uno de los destinos! 15 minutos de diversi\u00f3n, con estos peludos amigos y entretenidos haciendo de tus reuniones un momento memorable!.<\/p>\n\t\t\t\t\t\t\t\t<\/div>\n\t\t\t\t<\/div>\n\t\t\t\t<div class=\"elementor-element elementor-element-56c40e54 elementor-tabs-view-horizontal elementor-widget elementor-widget-tabs\" data-id=\"56c40e54\" data-element_type=\"widget\" data-widget_type=\"tabs.default\">\n\t\t\t\t<div class=\"elementor-widget-container\">\n\t\t\t\t\t\t\t<div class=\"elementor-tabs\">\n\t\t\t<div class=\"elementor-tabs-wrapper\" role=\"tablist\" >\n\t\t\t\t\t\t\t\t\t<div id=\"elementor-tab-title-1451\" class=\"elementor-tab-title elementor-tab-desktop-title\" aria-selected=\"true\" data-tab=\"1\" role=\"tab\" tabindex=\"0\" aria-controls=\"elementor-tab-content-1451\" aria-expanded=\"false\">DESTACADO<\/div>\n\t\t\t\t\t\t\t<\/div>\n\t\t\t<div class=\"elementor-tabs-content-wrapper\" role=\"tablist\" aria-orientation=\"vertical\">\n\t\t\t\t\t\t\t\t\t<div class=\"elementor-tab-title elementor-tab-mobile-title\" aria-selected=\"true\" data-tab=\"1\" role=\"tab\" tabindex=\"0\" aria-controls=\"elementor-tab-content-1451\" aria-expanded=\"false\">DESTACADO<\/div>\n\t\t\t\t\t<div id=\"elementor-tab-content-1451\" class=\"elementor-tab-content elementor-clearfix\" data-tab=\"1\" role=\"tabpanel\" aria-labelledby=\"elementor-tab-title-1451\" tabindex=\"0\" hidden=\"false\"><ul>\n<li>\n<p>Detalles de la reuni\u00f3n (mejor si los tiene, si no, env\u00edelos m\u00e1s tarde)<\/p>\n<\/li>\n<\/ul>\n<\/div>\n\t\t\t\t\t\t\t<\/div>\n\t\t<\/div>\n\t\t\t\t\t\t<\/div>\n\t\t\t\t<\/div>\n\t\t\t\t<div class=\"elementor-element elementor-element-3705603b elementor-widget elementor-widget-heading\" data-id=\"3705603b\" data-element_type=\"widget\" data-widget_type=\"heading.default\">\n\t\t\t\t<div class=\"elementor-widget-container\">\n\t\t\t\t\t<h4 class=\"elementor-heading-title elementor-size-default\">Mira m\u00e1s de cerca<\/h4>\t\t\t\t<\/div>\n\t\t\t\t<\/div>\n\t\t\t\t<div class=\"elementor-element elementor-element-552391c3 gallery-spacing-custom elementor-widget elementor-widget-image-gallery\" data-id=\"552391c3\" data-element_type=\"widget\" data-widget_type=\"image-gallery.default\">\n\t\t\t\t<div class=\"elementor-widget-container\">\n\t\t\t\t\t\t\t<div class=\"elementor-image-gallery\">\n\t\t\t<div id='gallery-1' class='gallery galleryid-1419 gallery-columns-3 gallery-size-full'><figure class='gallery-item'>\n\t\t\t<div class='gallery-icon landscape'>\n\t\t\t\t<img fetchpriority=\"high\" decoding=\"async\" width=\"900\" height=\"600\" src=\"https:\/\/redcapwalkingtours.com\/wp-content\/uploads\/Llamazing-Virutal-Meeting-1.jpg\" class=\"attachment-full size-full\" alt=\"\" srcset=\"https:\/\/redcapwalkingtours.com\/wp-content\/uploads\/Llamazing-Virutal-Meeting-1.jpg 900w, https:\/\/redcapwalkingtours.com\/wp-content\/uploads\/Llamazing-Virutal-Meeting-1-300x200.jpg 300w, https:\/\/redcapwalkingtours.com\/wp-content\/uploads\/Llamazing-Virutal-Meeting-1-768x512.jpg 768w\" sizes=\"(max-width: 900px) 100vw, 900px\" \/>\n\t\t\t<\/div><\/figure><figure class='gallery-item'>\n\t\t\t<div class='gallery-icon landscape'>\n\t\t\t\t<img decoding=\"async\" width=\"900\" height=\"600\" src=\"https:\/\/redcapwalkingtours.com\/wp-content\/uploads\/Llamazing-Virutal-Meeting-2-1.jpg\" class=\"attachment-full size-full\" alt=\"\" srcset=\"https:\/\/redcapwalkingtours.com\/wp-content\/uploads\/Llamazing-Virutal-Meeting-2-1.jpg 900w, https:\/\/redcapwalkingtours.com\/wp-content\/uploads\/Llamazing-Virutal-Meeting-2-1-300x200.jpg 300w, https:\/\/redcapwalkingtours.com\/wp-content\/uploads\/Llamazing-Virutal-Meeting-2-1-768x512.jpg 768w\" sizes=\"(max-width: 900px) 100vw, 900px\" \/>\n\t\t\t<\/div><\/figure><figure class='gallery-item'>\n\t\t\t<div class='gallery-icon landscape'>\n\t\t\t\t<img decoding=\"async\" width=\"900\" height=\"600\" src=\"https:\/\/redcapwalkingtours.com\/wp-content\/uploads\/Llamazing-Virutal-Meeting-3.jpg\" class=\"attachment-full size-full\" alt=\"\" srcset=\"https:\/\/redcapwalkingtours.com\/wp-content\/uploads\/Llamazing-Virutal-Meeting-3.jpg 900w, https:\/\/redcapwalkingtours.com\/wp-content\/uploads\/Llamazing-Virutal-Meeting-3-300x200.jpg 300w, https:\/\/redcapwalkingtours.com\/wp-content\/uploads\/Llamazing-Virutal-Meeting-3-768x512.jpg 768w\" sizes=\"(max-width: 900px) 100vw, 900px\" \/>\n\t\t\t<\/div><\/figure><figure class='gallery-item'>\n\t\t\t<div class='gallery-icon landscape'>\n\t\t\t\t<img loading=\"lazy\" decoding=\"async\" width=\"900\" height=\"600\" src=\"https:\/\/redcapwalkingtours.com\/wp-content\/uploads\/Llamazing-Virutal-Meeting-4.jpg\" class=\"attachment-full size-full\" alt=\"\" srcset=\"https:\/\/redcapwalkingtours.com\/wp-content\/uploads\/Llamazing-Virutal-Meeting-4.jpg 900w, https:\/\/redcapwalkingtours.com\/wp-content\/uploads\/Llamazing-Virutal-Meeting-4-300x200.jpg 300w, https:\/\/redcapwalkingtours.com\/wp-content\/uploads\/Llamazing-Virutal-Meeting-4-768x512.jpg 768w\" sizes=\"(max-width: 900px) 100vw, 900px\" \/>\n\t\t\t<\/div><\/figure><figure class='gallery-item'>\n\t\t\t<div class='gallery-icon landscape'>\n\t\t\t\t<img loading=\"lazy\" decoding=\"async\" width=\"900\" height=\"600\" src=\"https:\/\/redcapwalkingtours.com\/wp-content\/uploads\/Llamazing-Virutal-Meeting-5.jpg\" class=\"attachment-full size-full\" alt=\"\" srcset=\"https:\/\/redcapwalkingtours.com\/wp-content\/uploads\/Llamazing-Virutal-Meeting-5.jpg 900w, https:\/\/redcapwalkingtours.com\/wp-content\/uploads\/Llamazing-Virutal-Meeting-5-300x200.jpg 300w, https:\/\/redcapwalkingtours.com\/wp-content\/uploads\/Llamazing-Virutal-Meeting-5-768x512.jpg 768w\" sizes=\"(max-width: 900px) 100vw, 900px\" \/>\n\t\t\t<\/div><\/figure><figure class='gallery-item'>\n\t\t\t<div class='gallery-icon landscape'>\n\t\t\t\t<img loading=\"lazy\" decoding=\"async\" width=\"900\" height=\"600\" src=\"https:\/\/redcapwalkingtours.com\/wp-content\/uploads\/Llamazing-Virutal-Meeting-6.jpg\" class=\"attachment-full size-full\" alt=\"\" srcset=\"https:\/\/redcapwalkingtours.com\/wp-content\/uploads\/Llamazing-Virutal-Meeting-6.jpg 900w, https:\/\/redcapwalkingtours.com\/wp-content\/uploads\/Llamazing-Virutal-Meeting-6-300x200.jpg 300w, https:\/\/redcapwalkingtours.com\/wp-content\/uploads\/Llamazing-Virutal-Meeting-6-768x512.jpg 768w\" sizes=\"(max-width: 900px) 100vw, 900px\" \/>\n\t\t\t<\/div><\/figure>\n\t\t<\/div>\n\t\t<\/div>\n\t\t\t\t\t\t<\/div>\n\t\t\t\t<\/div>\n\t\t\t\t\t<\/div>\n\t\t<\/div>\n\t\t\t\t\t<\/div>\n\t\t<\/section>\n\t\t\t\t<\/div>\n\t\t","protected":false},"excerpt":{"rendered":"<p>Tours La Paz es una ciudad como ninguna otra en la tierra. Su asombrosa altura (3.600 m \/ 11.800 pies) solo es superada por su incre\u00edble belleza. DESCRIPCION Realiza tu siguiente reuni\u00f3n virtual Llamativo!&#8230; \u00bfCansado de la rutina en tus llamadas virtuales y\/o reuniones? Entonces agrega a una LLama en tu conversaci\u00f3n! Reuniones virtuales en [&hellip;]<\/p>\n","protected":false},"author":1,"featured_media":1433,"parent":1023,"menu_order":1,"comment_status":"closed","ping_status":"closed","template":"elementor_header_footer","meta":{"_monsterinsights_skip_tracking":false,"_monsterinsights_sitenote_active":false,"_monsterinsights_sitenote_note":"","_monsterinsights_sitenote_category":0,"_joinchat":[],"footnotes":""},"class_list":["post-1419","page","type-page","status-publish","has-post-thumbnail","hentry"],"_links":{"self":[{"href":"https:\/\/redcapwalkingtours.com\/es\/wp-json\/wp\/v2\/pages\/1419","targetHints":{"allow":["GET"]}}],"collection":[{"href":"https:\/\/redcapwalkingtours.com\/es\/wp-json\/wp\/v2\/pages"}],"about":[{"href":"https:\/\/redcapwalkingtours.com\/es\/wp-json\/wp\/v2\/types\/page"}],"author":[{"embeddable":true,"href":"https:\/\/redcapwalkingtours.com\/es\/wp-json\/wp\/v2\/users\/1"}],"replies":[{"embeddable":true,"href":"https:\/\/redcapwalkingtours.com\/es\/wp-json\/wp\/v2\/comments?post=1419"}],"version-history":[{"count":4,"href":"https:\/\/redcapwalkingtours.com\/es\/wp-json\/wp\/v2\/pages\/1419\/revisions"}],"predecessor-version":[{"id":1485,"href":"https:\/\/redcapwalkingtours.com\/es\/wp-json\/wp\/v2\/pages\/1419\/revisions\/1485"}],"up":[{"embeddable":true,"href":"https:\/\/redcapwalkingtours.com\/es\/wp-json\/wp\/v2\/pages\/1023"}],"wp:featuredmedia":[{"embeddable":true,"href":"https:\/\/redcapwalkingtours.com\/es\/wp-json\/wp\/v2\/media\/1433"}],"wp:attachment":[{"href":"https:\/\/redcapwalkingtours.com\/es\/wp-json\/wp\/v2\/media?parent=1419"}],"curies":[{"name":"wp","href":"https:\/\/api.w.org\/{rel}","templated":true}]}}