{"id":1397,"date":"2021-06-29T20:55:00","date_gmt":"2021-06-30T00:55:00","guid":{"rendered":"https:\/\/redcapwalkingtours.com\/tours\/tour-privado-por-la-ciudad-de-la-paz-medio-dia\/"},"modified":"2021-06-29T21:34:15","modified_gmt":"2021-06-30T01:34:15","slug":"tour-privado-por-la-ciudad-de-la-paz-medio-dia","status":"publish","type":"page","link":"https:\/\/redcapwalkingtours.com\/es\/tours\/tour-privado-por-la-ciudad-de-la-paz-medio-dia\/","title":{"rendered":"Tour privado por la ciudad de La Paz! &#8211; Medio d\u00eda"},"content":{"rendered":"\t\t<div data-elementor-type=\"wp-page\" data-elementor-id=\"1397\" class=\"elementor elementor-1397\" data-elementor-post-type=\"page\">\n\t\t\t\t\t\t<section class=\"elementor-section elementor-top-section elementor-element elementor-element-3c6d243d elementor-section-height-min-height elementor-section-content-middle elementor-section-boxed elementor-section-height-default elementor-section-items-middle\" data-id=\"3c6d243d\" data-element_type=\"section\" data-settings=\"{&quot;background_background&quot;:&quot;classic&quot;,&quot;jet_parallax_layout_list&quot;:[{&quot;_id&quot;:&quot;9d86151&quot;,&quot;jet_parallax_layout_image&quot;:{&quot;url&quot;:&quot;&quot;,&quot;id&quot;:&quot;&quot;,&quot;size&quot;:&quot;&quot;},&quot;jet_parallax_layout_image_tablet&quot;:{&quot;url&quot;:&quot;&quot;,&quot;id&quot;:&quot;&quot;,&quot;size&quot;:&quot;&quot;},&quot;jet_parallax_layout_image_mobile&quot;:{&quot;url&quot;:&quot;&quot;,&quot;id&quot;:&quot;&quot;,&quot;size&quot;:&quot;&quot;},&quot;jet_parallax_layout_speed&quot;:{&quot;unit&quot;:&quot;%&quot;,&quot;size&quot;:50,&quot;sizes&quot;:[]},&quot;jet_parallax_layout_type&quot;:&quot;scroll&quot;,&quot;jet_parallax_layout_direction&quot;:null,&quot;jet_parallax_layout_fx_direction&quot;:null,&quot;jet_parallax_layout_z_index&quot;:&quot;&quot;,&quot;jet_parallax_layout_bg_x&quot;:50,&quot;jet_parallax_layout_bg_x_tablet&quot;:&quot;&quot;,&quot;jet_parallax_layout_bg_x_mobile&quot;:&quot;&quot;,&quot;jet_parallax_layout_bg_y&quot;:50,&quot;jet_parallax_layout_bg_y_tablet&quot;:&quot;&quot;,&quot;jet_parallax_layout_bg_y_mobile&quot;:&quot;&quot;,&quot;jet_parallax_layout_bg_size&quot;:&quot;auto&quot;,&quot;jet_parallax_layout_bg_size_tablet&quot;:&quot;&quot;,&quot;jet_parallax_layout_bg_size_mobile&quot;:&quot;&quot;,&quot;jet_parallax_layout_animation_prop&quot;:&quot;transform&quot;,&quot;jet_parallax_layout_on&quot;:[&quot;desktop&quot;,&quot;tablet&quot;]}]}\">\n\t\t\t\t\t\t\t<div class=\"elementor-background-overlay\"><\/div>\n\t\t\t\t\t\t\t<div class=\"elementor-container elementor-column-gap-default\">\n\t\t\t\t\t<div class=\"elementor-column elementor-col-100 elementor-top-column elementor-element elementor-element-2787aa75\" data-id=\"2787aa75\" data-element_type=\"column\">\n\t\t\t<div class=\"elementor-widget-wrap elementor-element-populated\">\n\t\t\t\t\t\t<div class=\"elementor-element elementor-element-5c4e5a39 elementor-widget elementor-widget-heading\" data-id=\"5c4e5a39\" data-element_type=\"widget\" data-widget_type=\"heading.default\">\n\t\t\t\t<div class=\"elementor-widget-container\">\n\t\t\t\t\t<h5 class=\"elementor-heading-title elementor-size-default\">Tours<\/h5>\t\t\t\t<\/div>\n\t\t\t\t<\/div>\n\t\t\t\t<div class=\"elementor-element elementor-element-32002ea elementor-widget elementor-widget-text-editor\" data-id=\"32002ea\" data-element_type=\"widget\" data-widget_type=\"text-editor.default\">\n\t\t\t\t<div class=\"elementor-widget-container\">\n\t\t\t\t\t\t\t\t\t<p>Explora una de las ciudades maravillosas del mundo con un gu\u00eda local privado! <\/p>\n\t\t\t\t\t\t\t\t<\/div>\n\t\t\t\t<\/div>\n\t\t\t\t<div class=\"elementor-element elementor-element-b65303d elementor-hidden-phone elementor-widget elementor-widget-button\" data-id=\"b65303d\" data-element_type=\"widget\" data-widget_type=\"button.default\">\n\t\t\t\t<div class=\"elementor-widget-container\">\n\t\t\t\t\t\t\t\t\t<div class=\"elementor-button-wrapper\">\n\t\t\t\t\t<a class=\"elementor-button elementor-button-link elementor-size-sm elementor-animation-grow\" href=\"#elementor-action%3Aaction%3Dpopup%3Aopen%26settings%3DeyJpZCI6Ijc2MSIsInRvZ2dsZSI6ZmFsc2V9\">\n\t\t\t\t\t\t<span class=\"elementor-button-content-wrapper\">\n\t\t\t\t\t\t\t\t\t<span class=\"elementor-button-text\">RESERVA AHORA<\/span>\n\t\t\t\t\t<\/span>\n\t\t\t\t\t<\/a>\n\t\t\t\t<\/div>\n\t\t\t\t\t\t\t\t<\/div>\n\t\t\t\t<\/div>\n\t\t\t\t\t<\/div>\n\t\t<\/div>\n\t\t\t\t\t<\/div>\n\t\t<\/section>\n\t\t\t\t<section class=\"elementor-section elementor-top-section elementor-element elementor-element-16d81d8f elementor-section-boxed elementor-section-height-default elementor-section-height-default\" data-id=\"16d81d8f\" data-element_type=\"section\" data-settings=\"{&quot;jet_parallax_layout_list&quot;:[{&quot;_id&quot;:&quot;d172b35&quot;,&quot;jet_parallax_layout_image&quot;:{&quot;url&quot;:&quot;&quot;,&quot;id&quot;:&quot;&quot;,&quot;size&quot;:&quot;&quot;},&quot;jet_parallax_layout_image_tablet&quot;:{&quot;url&quot;:&quot;&quot;,&quot;id&quot;:&quot;&quot;,&quot;size&quot;:&quot;&quot;},&quot;jet_parallax_layout_image_mobile&quot;:{&quot;url&quot;:&quot;&quot;,&quot;id&quot;:&quot;&quot;,&quot;size&quot;:&quot;&quot;},&quot;jet_parallax_layout_speed&quot;:{&quot;unit&quot;:&quot;%&quot;,&quot;size&quot;:50,&quot;sizes&quot;:[]},&quot;jet_parallax_layout_type&quot;:&quot;scroll&quot;,&quot;jet_parallax_layout_direction&quot;:null,&quot;jet_parallax_layout_fx_direction&quot;:null,&quot;jet_parallax_layout_z_index&quot;:&quot;&quot;,&quot;jet_parallax_layout_bg_x&quot;:50,&quot;jet_parallax_layout_bg_x_tablet&quot;:&quot;&quot;,&quot;jet_parallax_layout_bg_x_mobile&quot;:&quot;&quot;,&quot;jet_parallax_layout_bg_y&quot;:50,&quot;jet_parallax_layout_bg_y_tablet&quot;:&quot;&quot;,&quot;jet_parallax_layout_bg_y_mobile&quot;:&quot;&quot;,&quot;jet_parallax_layout_bg_size&quot;:&quot;auto&quot;,&quot;jet_parallax_layout_bg_size_tablet&quot;:&quot;&quot;,&quot;jet_parallax_layout_bg_size_mobile&quot;:&quot;&quot;,&quot;jet_parallax_layout_animation_prop&quot;:&quot;transform&quot;,&quot;jet_parallax_layout_on&quot;:[&quot;desktop&quot;,&quot;tablet&quot;]}]}\">\n\t\t\t\t\t\t<div class=\"elementor-container elementor-column-gap-default\">\n\t\t\t\t\t<div class=\"elementor-column elementor-col-100 elementor-top-column elementor-element elementor-element-517822ea\" data-id=\"517822ea\" data-element_type=\"column\">\n\t\t\t<div class=\"elementor-widget-wrap elementor-element-populated\">\n\t\t\t\t\t\t<div class=\"elementor-element elementor-element-69c8f7df elementor-widget elementor-widget-heading\" data-id=\"69c8f7df\" data-element_type=\"widget\" data-widget_type=\"heading.default\">\n\t\t\t\t<div class=\"elementor-widget-container\">\n\t\t\t\t\t<h4 class=\"elementor-heading-title elementor-size-default\">DESCRIPCION<\/h4>\t\t\t\t<\/div>\n\t\t\t\t<\/div>\n\t\t\t\t<div class=\"elementor-element elementor-element-265856fd elementor-widget elementor-widget-text-editor\" data-id=\"265856fd\" data-element_type=\"widget\" data-widget_type=\"text-editor.default\">\n\t\t\t\t<div class=\"elementor-widget-container\">\n\t\t\t\t\t\t\t\t\t<p>Explora una de las ciudades maravillosas del mundo con un gu\u00eda local privado! La Paz es una de las ciudades m\u00e1s \u00fanicas del mundo y est\u00e1 llena de muchas joyas ocultas que simplemente no encontrar\u00e1s ni entender\u00e1s sin la ayuda de un gu\u00eda local. Nuestros sorprendentes gu\u00edas de Red Cap le llevar\u00e1n a una aventura a trav\u00e9s de las bulliciosas calles de La Paz, coloridos mercados y fascinantes lugares hist\u00f3ricos de lo que muchos viajeros han calificado como el mejor recorrido a pie en Am\u00e9rica del Sur.<\/p>\n<p>Nos reunimos con usted en su hotel a las 9am o 3pm para comenzar nuestra exploraci\u00f3n. Desde all\u00ed exploramos lugares tan diversos e incre\u00edbles como la C\u00e1rcel de San Pedro, el Mercado de Rodr\u00edguez, el Mercado de las Brujas, la Iglesia de San Francisco, el Mercado Lanza, la Plaza de Murillo y la Calle Ja\u00e9n. Para mantener la energ\u00eda arriba te invitamos a un bocadillo local incre\u00edble, donde la tienda m\u00e1s famosa no s\u00f3lo nos servir\u00e1, pero explicara c\u00f3mo estas delicias se hacen! Despu\u00e9s de todo lo que hemos visto y disfrutado encontraras dif\u00edcil creer que era s\u00f3lo 4 horas! Si desea m\u00e1s echa un vistazo a nuestro tour privado de d\u00eda completo de la ciudad donde exploraremos la incre\u00edble ciudad de El Alto y los telef\u00e9ricos tambi\u00e9n!<\/p>\n<p>\u00a1Tambi\u00e9n si usted prefiere otra horario env\u00edenos un email y podemos coordinar el tour!<\/p>\n<p>NOTA: Todas las reservaciones se deben hacer 1 d\u00eda por adelantado, si usted desea reservar el mismo d\u00eda, POR FAVOR LLAMENOS.<\/p>\n\t\t\t\t\t\t\t\t<\/div>\n\t\t\t\t<\/div>\n\t\t\t\t<div class=\"elementor-element elementor-element-729b437 elementor-tabs-view-horizontal elementor-widget elementor-widget-tabs\" data-id=\"729b437\" data-element_type=\"widget\" data-widget_type=\"tabs.default\">\n\t\t\t\t<div class=\"elementor-widget-container\">\n\t\t\t\t\t\t\t<div class=\"elementor-tabs\">\n\t\t\t<div class=\"elementor-tabs-wrapper\" role=\"tablist\" >\n\t\t\t\t\t\t\t\t\t<div id=\"elementor-tab-title-1201\" class=\"elementor-tab-title elementor-tab-desktop-title\" aria-selected=\"true\" data-tab=\"1\" role=\"tab\" tabindex=\"0\" aria-controls=\"elementor-tab-content-1201\" aria-expanded=\"false\">DESTACADO<\/div>\n\t\t\t\t\t\t\t\t\t<div id=\"elementor-tab-title-1202\" class=\"elementor-tab-title elementor-tab-desktop-title\" aria-selected=\"false\" data-tab=\"2\" role=\"tab\" tabindex=\"-1\" aria-controls=\"elementor-tab-content-1202\" aria-expanded=\"false\">ITINERARIO<\/div>\n\t\t\t\t\t\t\t<\/div>\n\t\t\t<div class=\"elementor-tabs-content-wrapper\" role=\"tablist\" aria-orientation=\"vertical\">\n\t\t\t\t\t\t\t\t\t<div class=\"elementor-tab-title elementor-tab-mobile-title\" aria-selected=\"true\" data-tab=\"1\" role=\"tab\" tabindex=\"0\" aria-controls=\"elementor-tab-content-1201\" aria-expanded=\"false\">DESTACADO<\/div>\n\t\t\t\t\t<div id=\"elementor-tab-content-1201\" class=\"elementor-tab-content elementor-clearfix\" data-tab=\"1\" role=\"tabpanel\" aria-labelledby=\"elementor-tab-title-1201\" tabindex=\"0\" hidden=\"false\"><ul>\n<li>Gu\u00eda Privada\n<\/li>\n<li>\u00a1Explora una de las 7 ciudades maravillosas del mundo!\n<\/li>\n<li>Reconocida como la mejor excursi\u00f3n a pie por Am\u00e9rica del Sur\n<\/li>\n<li>Pruebe un delicioso aperitivo local\n<\/li>\n<li>Todo los mejores lugares del centro de la ciudad en s\u00f3lo 4 horas!\n<\/li>\n<\/ul>\n<\/div>\n\t\t\t\t\t\t\t\t\t<div class=\"elementor-tab-title elementor-tab-mobile-title\" aria-selected=\"false\" data-tab=\"2\" role=\"tab\" tabindex=\"-1\" aria-controls=\"elementor-tab-content-1202\" aria-expanded=\"false\">ITINERARIO<\/div>\n\t\t\t\t\t<div id=\"elementor-tab-content-1202\" class=\"elementor-tab-content elementor-clearfix\" data-tab=\"2\" role=\"tabpanel\" aria-labelledby=\"elementor-tab-title-1202\" tabindex=\"0\" hidden=\"hidden\"><p>Lo recogemos de su hotel a las 9 o las 3 de la tarde. Desde su hotel nos dirigimos al centro de la ciudad! Visitamos la fascinante Plaza de San Pedro y Prisi\u00f3n, (no podemos entrar, pero es un espect\u00e1culo para ver desde el exterior, ya que ocupa toda una cuadra en el centro de la ciudad!) Y luego a uno de nuestros favoritos lugares en la ciudad, mercado de Rodriguez donde usted aprender\u00e1 acerca de la variedad de ingredientes y las tradiciones locales y la cultura aqu\u00ed como en ning\u00fan otro lugar en la ciudad. Unos cuantos cuadras m\u00e1s y estamos en el Mercado de las Brujas. Este mercado activo no est\u00e1 en exhibici\u00f3n para los turistas, sino m\u00e1s bien un mercado medicinal tradicional y espiritual donde se explicar\u00e1 la fascinante cosmovisi\u00f3n andina.<\/p>\n<p>Luego en la iglesia de San Francisco donde literalmente grabado en las paredes de esta hermosa iglesia se puede ver y tocar los cambios palpables del catolicismo tra\u00eddo e integrado en la visi\u00f3n andina &#8211; verdaderamente cautivante! A\u00fan no lo hacemos, nos dirigimos a otro mercado local, uno de nuestros lugares favoritos para una comida! Conozca a una casera local, vendedora, que le explicar\u00e1 c\u00f3mo hace el delicioso bocadillo que vamos a probar.<\/p>\n<p>Con la energ\u00eda restaurada continuamos hacia la Plaza Murillo, este centro hist\u00f3rico es la meca pol\u00edtica de Bolivia y los poderosos cambios que Bolivia ha visto est\u00e1n literalmente expuestos ya que esta plaza ha sido escenario de tantos movimientos sociales que han dejado su huella no s\u00f3lo en el pa\u00eds, si no, tambi\u00e9n en los muros y postes de esta preciosa plaza. A pocas cuadras m\u00e1s se encuentra la calle m\u00e1s bella y antigua de La Paz, la calle Ja\u00e9n. Esta calle ha sido testigo de los cambios de esta ciudad y fue sede de uno de los primeros l\u00edderes independentistas de Am\u00e9rica Latina, lleno de color, museos e historia \u00a1este es el lugar perfecto para terminar lo que muchos han dicho es el mejor recorrido a pie en Am\u00e9rica del Sur!<\/p>\n<\/div>\n\t\t\t\t\t\t\t<\/div>\n\t\t<\/div>\n\t\t\t\t\t\t<\/div>\n\t\t\t\t<\/div>\n\t\t\t\t<div class=\"elementor-element elementor-element-2cb8f11 elementor-align-center elementor-hidden-phone elementor-widget elementor-widget-button\" data-id=\"2cb8f11\" data-element_type=\"widget\" data-widget_type=\"button.default\">\n\t\t\t\t<div class=\"elementor-widget-container\">\n\t\t\t\t\t\t\t\t\t<div class=\"elementor-button-wrapper\">\n\t\t\t\t\t<a class=\"elementor-button elementor-button-link elementor-size-sm elementor-animation-grow\" href=\"#elementor-action%3Aaction%3Dpopup%3Aopen%26settings%3DeyJpZCI6Ijc2MSIsInRvZ2dsZSI6ZmFsc2V9\">\n\t\t\t\t\t\t<span class=\"elementor-button-content-wrapper\">\n\t\t\t\t\t\t\t\t\t<span class=\"elementor-button-text\">RESERVA AHORA<\/span>\n\t\t\t\t\t<\/span>\n\t\t\t\t\t<\/a>\n\t\t\t\t<\/div>\n\t\t\t\t\t\t\t\t<\/div>\n\t\t\t\t<\/div>\n\t\t\t\t<div class=\"elementor-element elementor-element-2ff0d694 elementor-widget elementor-widget-heading\" data-id=\"2ff0d694\" data-element_type=\"widget\" data-widget_type=\"heading.default\">\n\t\t\t\t<div class=\"elementor-widget-container\">\n\t\t\t\t\t<h4 class=\"elementor-heading-title elementor-size-default\">Mira m\u00e1s de cerca<\/h4>\t\t\t\t<\/div>\n\t\t\t\t<\/div>\n\t\t\t\t<div class=\"elementor-element elementor-element-479c8ca8 gallery-spacing-custom elementor-widget elementor-widget-image-gallery\" data-id=\"479c8ca8\" data-element_type=\"widget\" data-widget_type=\"image-gallery.default\">\n\t\t\t\t<div class=\"elementor-widget-container\">\n\t\t\t\t\t\t\t<div class=\"elementor-image-gallery\">\n\t\t\t<div id='gallery-1' class='gallery galleryid-1397 gallery-columns-3 gallery-size-full'><figure class='gallery-item'>\n\t\t\t<div class='gallery-icon landscape'>\n\t\t\t\t<img fetchpriority=\"high\" decoding=\"async\" width=\"900\" height=\"600\" src=\"https:\/\/redcapwalkingtours.com\/wp-content\/uploads\/Private-City-Tour-La-Paz-Half-Day-1.jpg\" class=\"attachment-full size-full\" alt=\"\" srcset=\"https:\/\/redcapwalkingtours.com\/wp-content\/uploads\/Private-City-Tour-La-Paz-Half-Day-1.jpg 900w, https:\/\/redcapwalkingtours.com\/wp-content\/uploads\/Private-City-Tour-La-Paz-Half-Day-1-300x200.jpg 300w, https:\/\/redcapwalkingtours.com\/wp-content\/uploads\/Private-City-Tour-La-Paz-Half-Day-1-768x512.jpg 768w\" sizes=\"(max-width: 900px) 100vw, 900px\" \/>\n\t\t\t<\/div><\/figure><figure class='gallery-item'>\n\t\t\t<div class='gallery-icon landscape'>\n\t\t\t\t<img decoding=\"async\" width=\"900\" height=\"600\" src=\"https:\/\/redcapwalkingtours.com\/wp-content\/uploads\/Private-City-Tour-La-Paz-Half-Day-2.jpg\" class=\"attachment-full size-full\" alt=\"\" srcset=\"https:\/\/redcapwalkingtours.com\/wp-content\/uploads\/Private-City-Tour-La-Paz-Half-Day-2.jpg 900w, https:\/\/redcapwalkingtours.com\/wp-content\/uploads\/Private-City-Tour-La-Paz-Half-Day-2-300x200.jpg 300w, https:\/\/redcapwalkingtours.com\/wp-content\/uploads\/Private-City-Tour-La-Paz-Half-Day-2-768x512.jpg 768w\" sizes=\"(max-width: 900px) 100vw, 900px\" \/>\n\t\t\t<\/div><\/figure><figure class='gallery-item'>\n\t\t\t<div class='gallery-icon landscape'>\n\t\t\t\t<img decoding=\"async\" width=\"900\" height=\"600\" src=\"https:\/\/redcapwalkingtours.com\/wp-content\/uploads\/Private-City-Tour-La-Paz-Half-Day-3.jpg\" class=\"attachment-full size-full\" alt=\"\" srcset=\"https:\/\/redcapwalkingtours.com\/wp-content\/uploads\/Private-City-Tour-La-Paz-Half-Day-3.jpg 900w, https:\/\/redcapwalkingtours.com\/wp-content\/uploads\/Private-City-Tour-La-Paz-Half-Day-3-300x200.jpg 300w, https:\/\/redcapwalkingtours.com\/wp-content\/uploads\/Private-City-Tour-La-Paz-Half-Day-3-768x512.jpg 768w\" sizes=\"(max-width: 900px) 100vw, 900px\" \/>\n\t\t\t<\/div><\/figure><figure class='gallery-item'>\n\t\t\t<div class='gallery-icon landscape'>\n\t\t\t\t<img loading=\"lazy\" decoding=\"async\" width=\"900\" height=\"600\" src=\"https:\/\/redcapwalkingtours.com\/wp-content\/uploads\/Private-City-Tour-La-Paz-Half-Day-4.jpg\" class=\"attachment-full size-full\" alt=\"\" srcset=\"https:\/\/redcapwalkingtours.com\/wp-content\/uploads\/Private-City-Tour-La-Paz-Half-Day-4.jpg 900w, https:\/\/redcapwalkingtours.com\/wp-content\/uploads\/Private-City-Tour-La-Paz-Half-Day-4-300x200.jpg 300w, https:\/\/redcapwalkingtours.com\/wp-content\/uploads\/Private-City-Tour-La-Paz-Half-Day-4-768x512.jpg 768w\" sizes=\"(max-width: 900px) 100vw, 900px\" \/>\n\t\t\t<\/div><\/figure><figure class='gallery-item'>\n\t\t\t<div class='gallery-icon landscape'>\n\t\t\t\t<img loading=\"lazy\" decoding=\"async\" width=\"900\" height=\"600\" src=\"https:\/\/redcapwalkingtours.com\/wp-content\/uploads\/Private-City-Tour-La-Paz-Half-Day-5.jpg\" class=\"attachment-full size-full\" alt=\"\" srcset=\"https:\/\/redcapwalkingtours.com\/wp-content\/uploads\/Private-City-Tour-La-Paz-Half-Day-5.jpg 900w, https:\/\/redcapwalkingtours.com\/wp-content\/uploads\/Private-City-Tour-La-Paz-Half-Day-5-300x200.jpg 300w, https:\/\/redcapwalkingtours.com\/wp-content\/uploads\/Private-City-Tour-La-Paz-Half-Day-5-768x512.jpg 768w\" sizes=\"(max-width: 900px) 100vw, 900px\" \/>\n\t\t\t<\/div><\/figure><figure class='gallery-item'>\n\t\t\t<div class='gallery-icon landscape'>\n\t\t\t\t<img loading=\"lazy\" decoding=\"async\" width=\"900\" height=\"600\" src=\"https:\/\/redcapwalkingtours.com\/wp-content\/uploads\/Private-City-Tour-La-Paz-Half-Day-6.jpg\" class=\"attachment-full size-full\" alt=\"\" srcset=\"https:\/\/redcapwalkingtours.com\/wp-content\/uploads\/Private-City-Tour-La-Paz-Half-Day-6.jpg 900w, https:\/\/redcapwalkingtours.com\/wp-content\/uploads\/Private-City-Tour-La-Paz-Half-Day-6-300x200.jpg 300w, https:\/\/redcapwalkingtours.com\/wp-content\/uploads\/Private-City-Tour-La-Paz-Half-Day-6-768x512.jpg 768w\" sizes=\"(max-width: 900px) 100vw, 900px\" \/>\n\t\t\t<\/div><\/figure><figure class='gallery-item'>\n\t\t\t<div class='gallery-icon landscape'>\n\t\t\t\t<img loading=\"lazy\" decoding=\"async\" width=\"900\" height=\"600\" src=\"https:\/\/redcapwalkingtours.com\/wp-content\/uploads\/Private-City-Tour-La-Paz-Half-Day-7.jpg\" class=\"attachment-full size-full\" alt=\"\" srcset=\"https:\/\/redcapwalkingtours.com\/wp-content\/uploads\/Private-City-Tour-La-Paz-Half-Day-7.jpg 900w, https:\/\/redcapwalkingtours.com\/wp-content\/uploads\/Private-City-Tour-La-Paz-Half-Day-7-300x200.jpg 300w, https:\/\/redcapwalkingtours.com\/wp-content\/uploads\/Private-City-Tour-La-Paz-Half-Day-7-768x512.jpg 768w\" sizes=\"(max-width: 900px) 100vw, 900px\" \/>\n\t\t\t<\/div><\/figure><figure class='gallery-item'>\n\t\t\t<div class='gallery-icon landscape'>\n\t\t\t\t<img loading=\"lazy\" decoding=\"async\" width=\"900\" height=\"600\" src=\"https:\/\/redcapwalkingtours.com\/wp-content\/uploads\/Private-City-Tour-La-Paz-Half-Day-8.jpg\" class=\"attachment-full size-full\" alt=\"\" srcset=\"https:\/\/redcapwalkingtours.com\/wp-content\/uploads\/Private-City-Tour-La-Paz-Half-Day-8.jpg 900w, https:\/\/redcapwalkingtours.com\/wp-content\/uploads\/Private-City-Tour-La-Paz-Half-Day-8-300x200.jpg 300w, https:\/\/redcapwalkingtours.com\/wp-content\/uploads\/Private-City-Tour-La-Paz-Half-Day-8-768x512.jpg 768w\" sizes=\"(max-width: 900px) 100vw, 900px\" \/>\n\t\t\t<\/div><\/figure><figure class='gallery-item'>\n\t\t\t<div class='gallery-icon landscape'>\n\t\t\t\t<img loading=\"lazy\" decoding=\"async\" width=\"900\" height=\"600\" src=\"https:\/\/redcapwalkingtours.com\/wp-content\/uploads\/Private-City-Tour-La-Paz-Half-Day-9.jpg\" class=\"attachment-full size-full\" alt=\"\" srcset=\"https:\/\/redcapwalkingtours.com\/wp-content\/uploads\/Private-City-Tour-La-Paz-Half-Day-9.jpg 900w, https:\/\/redcapwalkingtours.com\/wp-content\/uploads\/Private-City-Tour-La-Paz-Half-Day-9-300x200.jpg 300w, https:\/\/redcapwalkingtours.com\/wp-content\/uploads\/Private-City-Tour-La-Paz-Half-Day-9-768x512.jpg 768w\" sizes=\"(max-width: 900px) 100vw, 900px\" \/>\n\t\t\t<\/div><\/figure>\n\t\t<\/div>\n\t\t<\/div>\n\t\t\t\t\t\t<\/div>\n\t\t\t\t<\/div>\n\t\t\t\t<div class=\"elementor-element elementor-element-faea923 elementor-hidden-phone elementor-widget elementor-widget-html\" data-id=\"faea923\" data-element_type=\"widget\" data-widget_type=\"html.default\">\n\t\t\t\t<div class=\"elementor-widget-container\">\n\t\t\t\t\t<center><script src=\"https:\/\/bw.trekksoft.com\/loader.js\" async data-owner=\"trekksoft\" data-type=\"activity-booking\" data-id=\"73557\" data-client-id=\"BOOKIE-5fcde6a416ca54e51b9ceb4a8\" data-token=\"047d011cc3ea01438849f6b44630e5d2b47d229f707c6ff2\" data-language=\"en\" data-agent-code=\"agent-21794\" data-element=\"embed\" data-width=\"600px\" data-height=\"800px\"><\/script><\/center>\t\t\t\t<\/div>\n\t\t\t\t<\/div>\n\t\t\t\t<div class=\"elementor-element elementor-element-2eb6bab elementor-align-center elementor-mobile-align-center elementor-hidden-desktop elementor-hidden-tablet elementor-widget elementor-widget-button\" data-id=\"2eb6bab\" data-element_type=\"widget\" data-settings=\"{&quot;sticky&quot;:&quot;bottom&quot;,&quot;sticky_on&quot;:[&quot;mobile&quot;],&quot;sticky_offset&quot;:0,&quot;sticky_effects_offset&quot;:0,&quot;sticky_anchor_link_offset&quot;:0}\" data-widget_type=\"button.default\">\n\t\t\t\t<div class=\"elementor-widget-container\">\n\t\t\t\t\t\t\t\t\t<div class=\"elementor-button-wrapper\">\n\t\t\t\t\t<a class=\"elementor-button elementor-button-link elementor-size-sm elementor-animation-grow\" href=\"#elementor-action%3Aaction%3Dpopup%3Aopen%26settings%3DeyJpZCI6Ijc2MSIsInRvZ2dsZSI6ZmFsc2V9\">\n\t\t\t\t\t\t<span class=\"elementor-button-content-wrapper\">\n\t\t\t\t\t\t\t\t\t<span class=\"elementor-button-text\">RESERVA AHORA<\/span>\n\t\t\t\t\t<\/span>\n\t\t\t\t\t<\/a>\n\t\t\t\t<\/div>\n\t\t\t\t\t\t\t\t<\/div>\n\t\t\t\t<\/div>\n\t\t\t\t\t<\/div>\n\t\t<\/div>\n\t\t\t\t\t<\/div>\n\t\t<\/section>\n\t\t\t\t<\/div>\n\t\t","protected":false},"excerpt":{"rendered":"<p>Tours Explora una de las ciudades maravillosas del mundo con un gu\u00eda local privado! RESERVA AHORA DESCRIPCION Explora una de las ciudades maravillosas del mundo con un gu\u00eda local privado! La Paz es una de las ciudades m\u00e1s \u00fanicas del mundo y est\u00e1 llena de muchas joyas ocultas que simplemente no encontrar\u00e1s ni entender\u00e1s sin [&hellip;]<\/p>\n","protected":false},"author":1,"featured_media":1417,"parent":1023,"menu_order":0,"comment_status":"closed","ping_status":"closed","template":"elementor_header_footer","meta":{"_monsterinsights_skip_tracking":false,"_monsterinsights_sitenote_active":false,"_monsterinsights_sitenote_note":"","_monsterinsights_sitenote_category":0,"_joinchat":[],"footnotes":""},"class_list":["post-1397","page","type-page","status-publish","has-post-thumbnail","hentry"],"_links":{"self":[{"href":"https:\/\/redcapwalkingtours.com\/es\/wp-json\/wp\/v2\/pages\/1397","targetHints":{"allow":["GET"]}}],"collection":[{"href":"https:\/\/redcapwalkingtours.com\/es\/wp-json\/wp\/v2\/pages"}],"about":[{"href":"https:\/\/redcapwalkingtours.com\/es\/wp-json\/wp\/v2\/types\/page"}],"author":[{"embeddable":true,"href":"https:\/\/redcapwalkingtours.com\/es\/wp-json\/wp\/v2\/users\/1"}],"replies":[{"embeddable":true,"href":"https:\/\/redcapwalkingtours.com\/es\/wp-json\/wp\/v2\/comments?post=1397"}],"version-history":[{"count":4,"href":"https:\/\/redcapwalkingtours.com\/es\/wp-json\/wp\/v2\/pages\/1397\/revisions"}],"predecessor-version":[{"id":1488,"href":"https:\/\/redcapwalkingtours.com\/es\/wp-json\/wp\/v2\/pages\/1397\/revisions\/1488"}],"up":[{"embeddable":true,"href":"https:\/\/redcapwalkingtours.com\/es\/wp-json\/wp\/v2\/pages\/1023"}],"wp:featuredmedia":[{"embeddable":true,"href":"https:\/\/redcapwalkingtours.com\/es\/wp-json\/wp\/v2\/media\/1417"}],"wp:attachment":[{"href":"https:\/\/redcapwalkingtours.com\/es\/wp-json\/wp\/v2\/media?parent=1397"}],"curies":[{"name":"wp","href":"https:\/\/api.w.org\/{rel}","templated":true}]}}