{"id":1331,"date":"2021-06-29T20:34:55","date_gmt":"2021-06-30T00:34:55","guid":{"rendered":"https:\/\/redcapwalkingtours.com\/tours\/caminata-virtual-de-la-paz-bolivia\/"},"modified":"2021-06-29T21:18:48","modified_gmt":"2021-06-30T01:18:48","slug":"caminata-virtual-de-la-paz-bolivia","status":"publish","type":"page","link":"https:\/\/redcapwalkingtours.com\/es\/tours\/caminata-virtual-de-la-paz-bolivia\/","title":{"rendered":"Caminata virtual de La Paz, Bolivia"},"content":{"rendered":"\t\t<div data-elementor-type=\"wp-page\" data-elementor-id=\"1331\" class=\"elementor elementor-1331\" data-elementor-post-type=\"page\">\n\t\t\t\t\t\t<section class=\"elementor-section elementor-top-section elementor-element elementor-element-9c6d6b8 elementor-section-height-min-height elementor-section-content-middle elementor-section-boxed elementor-section-height-default elementor-section-items-middle\" data-id=\"9c6d6b8\" data-element_type=\"section\" data-settings=\"{&quot;background_background&quot;:&quot;classic&quot;,&quot;jet_parallax_layout_list&quot;:[{&quot;_id&quot;:&quot;9d86151&quot;,&quot;jet_parallax_layout_image&quot;:{&quot;url&quot;:&quot;&quot;,&quot;id&quot;:&quot;&quot;,&quot;size&quot;:&quot;&quot;},&quot;jet_parallax_layout_image_tablet&quot;:{&quot;url&quot;:&quot;&quot;,&quot;id&quot;:&quot;&quot;,&quot;size&quot;:&quot;&quot;},&quot;jet_parallax_layout_image_mobile&quot;:{&quot;url&quot;:&quot;&quot;,&quot;id&quot;:&quot;&quot;,&quot;size&quot;:&quot;&quot;},&quot;jet_parallax_layout_speed&quot;:{&quot;unit&quot;:&quot;%&quot;,&quot;size&quot;:50,&quot;sizes&quot;:[]},&quot;jet_parallax_layout_type&quot;:&quot;scroll&quot;,&quot;jet_parallax_layout_direction&quot;:null,&quot;jet_parallax_layout_fx_direction&quot;:null,&quot;jet_parallax_layout_z_index&quot;:&quot;&quot;,&quot;jet_parallax_layout_bg_x&quot;:50,&quot;jet_parallax_layout_bg_x_tablet&quot;:&quot;&quot;,&quot;jet_parallax_layout_bg_x_mobile&quot;:&quot;&quot;,&quot;jet_parallax_layout_bg_y&quot;:50,&quot;jet_parallax_layout_bg_y_tablet&quot;:&quot;&quot;,&quot;jet_parallax_layout_bg_y_mobile&quot;:&quot;&quot;,&quot;jet_parallax_layout_bg_size&quot;:&quot;auto&quot;,&quot;jet_parallax_layout_bg_size_tablet&quot;:&quot;&quot;,&quot;jet_parallax_layout_bg_size_mobile&quot;:&quot;&quot;,&quot;jet_parallax_layout_animation_prop&quot;:&quot;transform&quot;,&quot;jet_parallax_layout_on&quot;:[&quot;desktop&quot;,&quot;tablet&quot;]}]}\">\n\t\t\t\t\t\t\t<div class=\"elementor-background-overlay\"><\/div>\n\t\t\t\t\t\t\t<div class=\"elementor-container elementor-column-gap-default\">\n\t\t\t\t\t<div class=\"elementor-column elementor-col-100 elementor-top-column elementor-element elementor-element-fc1867a\" data-id=\"fc1867a\" data-element_type=\"column\">\n\t\t\t<div class=\"elementor-widget-wrap elementor-element-populated\">\n\t\t\t\t\t\t<div class=\"elementor-element elementor-element-a0c6c18 elementor-widget elementor-widget-heading\" data-id=\"a0c6c18\" data-element_type=\"widget\" data-widget_type=\"heading.default\">\n\t\t\t\t<div class=\"elementor-widget-container\">\n\t\t\t\t\t<h5 class=\"elementor-heading-title elementor-size-default\">Tours<\/h5>\t\t\t\t<\/div>\n\t\t\t\t<\/div>\n\t\t\t\t<div class=\"elementor-element elementor-element-670b8f2 elementor-widget elementor-widget-text-editor\" data-id=\"670b8f2\" data-element_type=\"widget\" data-widget_type=\"text-editor.default\">\n\t\t\t\t<div class=\"elementor-widget-container\">\n\t\t\t\t\t\t\t\t\t<p>La Paz es una ciudad como ninguna otra en la tierra. Su asombrosa altura (3.600 m \/ 11.800 pies) solo es superada por su incre\u00edble belleza.<\/p>\n\t\t\t\t\t\t\t\t<\/div>\n\t\t\t\t<\/div>\n\t\t\t\t<div class=\"elementor-element elementor-element-fcb9d30 elementor-hidden-phone elementor-widget elementor-widget-button\" data-id=\"fcb9d30\" data-element_type=\"widget\" data-widget_type=\"button.default\">\n\t\t\t\t<div class=\"elementor-widget-container\">\n\t\t\t\t\t\t\t\t\t<div class=\"elementor-button-wrapper\">\n\t\t\t\t\t<a class=\"elementor-button elementor-button-link elementor-size-sm elementor-animation-grow\" href=\"#elementor-action%3Aaction%3Dpopup%3Aopen%26settings%3DeyJpZCI6IjU5MyIsInRvZ2dsZSI6ZmFsc2V9\" target=\"_blank\">\n\t\t\t\t\t\t<span class=\"elementor-button-content-wrapper\">\n\t\t\t\t\t\t\t\t\t<span class=\"elementor-button-text\">RESERVA AHORA<\/span>\n\t\t\t\t\t<\/span>\n\t\t\t\t\t<\/a>\n\t\t\t\t<\/div>\n\t\t\t\t\t\t\t\t<\/div>\n\t\t\t\t<\/div>\n\t\t\t\t\t<\/div>\n\t\t<\/div>\n\t\t\t\t\t<\/div>\n\t\t<\/section>\n\t\t\t\t<section class=\"elementor-section elementor-top-section elementor-element elementor-element-fec68e5 elementor-section-boxed elementor-section-height-default elementor-section-height-default\" data-id=\"fec68e5\" data-element_type=\"section\" data-settings=\"{&quot;jet_parallax_layout_list&quot;:[{&quot;_id&quot;:&quot;d172b35&quot;,&quot;jet_parallax_layout_image&quot;:{&quot;url&quot;:&quot;&quot;,&quot;id&quot;:&quot;&quot;,&quot;size&quot;:&quot;&quot;},&quot;jet_parallax_layout_image_tablet&quot;:{&quot;url&quot;:&quot;&quot;,&quot;id&quot;:&quot;&quot;,&quot;size&quot;:&quot;&quot;},&quot;jet_parallax_layout_image_mobile&quot;:{&quot;url&quot;:&quot;&quot;,&quot;id&quot;:&quot;&quot;,&quot;size&quot;:&quot;&quot;},&quot;jet_parallax_layout_speed&quot;:{&quot;unit&quot;:&quot;%&quot;,&quot;size&quot;:50,&quot;sizes&quot;:[]},&quot;jet_parallax_layout_type&quot;:&quot;scroll&quot;,&quot;jet_parallax_layout_direction&quot;:null,&quot;jet_parallax_layout_fx_direction&quot;:null,&quot;jet_parallax_layout_z_index&quot;:&quot;&quot;,&quot;jet_parallax_layout_bg_x&quot;:50,&quot;jet_parallax_layout_bg_x_tablet&quot;:&quot;&quot;,&quot;jet_parallax_layout_bg_x_mobile&quot;:&quot;&quot;,&quot;jet_parallax_layout_bg_y&quot;:50,&quot;jet_parallax_layout_bg_y_tablet&quot;:&quot;&quot;,&quot;jet_parallax_layout_bg_y_mobile&quot;:&quot;&quot;,&quot;jet_parallax_layout_bg_size&quot;:&quot;auto&quot;,&quot;jet_parallax_layout_bg_size_tablet&quot;:&quot;&quot;,&quot;jet_parallax_layout_bg_size_mobile&quot;:&quot;&quot;,&quot;jet_parallax_layout_animation_prop&quot;:&quot;transform&quot;,&quot;jet_parallax_layout_on&quot;:[&quot;desktop&quot;,&quot;tablet&quot;]}]}\">\n\t\t\t\t\t\t<div class=\"elementor-container elementor-column-gap-default\">\n\t\t\t\t\t<div class=\"elementor-column elementor-col-100 elementor-top-column elementor-element elementor-element-5b6559c\" data-id=\"5b6559c\" data-element_type=\"column\">\n\t\t\t<div class=\"elementor-widget-wrap elementor-element-populated\">\n\t\t\t\t\t\t<div class=\"elementor-element elementor-element-0a32455 elementor-widget elementor-widget-heading\" data-id=\"0a32455\" data-element_type=\"widget\" data-widget_type=\"heading.default\">\n\t\t\t\t<div class=\"elementor-widget-container\">\n\t\t\t\t\t<h4 class=\"elementor-heading-title elementor-size-default\">DESCRIPCION<\/h4>\t\t\t\t<\/div>\n\t\t\t\t<\/div>\n\t\t\t\t<div class=\"elementor-element elementor-element-cb1ba73 elementor-widget elementor-widget-text-editor\" data-id=\"cb1ba73\" data-element_type=\"widget\" data-widget_type=\"text-editor.default\">\n\t\t\t\t<div class=\"elementor-widget-container\">\n\t\t\t\t\t\t\t\t\t<p>Desde la comodidad de tu hogar y con la facilidad de cualquier dispositivo que este a tu alcance, con\u00e9ctate con el mundo de una notable cultura, llena de historia y tradiciones, de uno de los destinos m\u00e1s interesantes y \u00fanicos junto a un gu\u00eda local, por 3 veces a la semana.<br \/>\nLa Paz \u2013 Bolivia ha llegado a ser uno de los destinos m\u00e1s visitados en todo el mundo y mientras no te encuentras en la posibilidad de visitarnos en persona (por ahora), nosotros queremos compartir junto a ti, la ciudad de La Paz y su gente. Ver\u00e1s porque el mundo entorna su mirada a una de las 7 ciudades maravilla del mundo y es por su autenticidad y la cultura que hace que sea rico su destino.<br \/>\nNuestros gu\u00edas locales compartir\u00e1n junto a ti su tierra nativa. Como gemas ocultas, una cultura viva llena de vida entre tradiciones que en 1 hora de tour virtual te fascinara, te entretendr\u00e1 y te iluminar\u00e1 a ti y a tu familia.<br \/>\nHas las preguntas que desees y si\u00e9ntete como parte del lugar, nos interesa resaltar el inter\u00e9s que puedan tener nuestros clientes. Mientras t\u00fa est\u00e1s planeando para tu futuro viaje viendo que ha cambiado desde tu \u00faltima vez que has estado o hayas estado interesado en saber m\u00e1s sobre el mundo o su gente, este tour te encantara!.<\/p>\n\t\t\t\t\t\t\t\t<\/div>\n\t\t\t\t<\/div>\n\t\t\t\t<div class=\"elementor-element elementor-element-e4db964 elementor-tabs-view-horizontal elementor-widget elementor-widget-tabs\" data-id=\"e4db964\" data-element_type=\"widget\" data-widget_type=\"tabs.default\">\n\t\t\t\t<div class=\"elementor-widget-container\">\n\t\t\t\t\t\t\t<div class=\"elementor-tabs\">\n\t\t\t<div class=\"elementor-tabs-wrapper\" role=\"tablist\" >\n\t\t\t\t\t\t\t\t\t<div id=\"elementor-tab-title-2391\" class=\"elementor-tab-title elementor-tab-desktop-title\" aria-selected=\"true\" data-tab=\"1\" role=\"tab\" tabindex=\"0\" aria-controls=\"elementor-tab-content-2391\" aria-expanded=\"false\">DESTACADO<\/div>\n\t\t\t\t\t\t\t\t\t<div id=\"elementor-tab-title-2392\" class=\"elementor-tab-title elementor-tab-desktop-title\" aria-selected=\"false\" data-tab=\"2\" role=\"tab\" tabindex=\"-1\" aria-controls=\"elementor-tab-content-2392\" aria-expanded=\"false\">ITINERARIO<\/div>\n\t\t\t\t\t\t\t<\/div>\n\t\t\t<div class=\"elementor-tabs-content-wrapper\" role=\"tablist\" aria-orientation=\"vertical\">\n\t\t\t\t\t\t\t\t\t<div class=\"elementor-tab-title elementor-tab-mobile-title\" aria-selected=\"true\" data-tab=\"1\" role=\"tab\" tabindex=\"0\" aria-controls=\"elementor-tab-content-2391\" aria-expanded=\"false\">DESTACADO<\/div>\n\t\t\t\t\t<div id=\"elementor-tab-content-2391\" class=\"elementor-tab-content elementor-clearfix\" data-tab=\"1\" role=\"tabpanel\" aria-labelledby=\"elementor-tab-title-2391\" tabindex=\"0\" hidden=\"false\"><ul>\n<li>Un apasionante gu\u00eda local de Red Cap\n<\/li>\n<li>Una experiencia vibrante de la cultura a lo virtual\n<\/li>\n<li>Viaja desde la comodidad de tu hogar\n<\/li>\n<li>Tour en vivo donde podr\u00e1s preguntar todas tus dudas\n<\/li>\n<li>Completamente gratis &#8211; El tour se basa en propinas\n<\/li>\n<li>Puedes ver nuestra p\u00e1gina y aprender de historia y de nuestro gu\u00eda local<\/li>\n<\/ul>\n<\/div>\n\t\t\t\t\t\t\t\t\t<div class=\"elementor-tab-title elementor-tab-mobile-title\" aria-selected=\"false\" data-tab=\"2\" role=\"tab\" tabindex=\"-1\" aria-controls=\"elementor-tab-content-2392\" aria-expanded=\"false\">ITINERARIO<\/div>\n\t\t\t\t\t<div id=\"elementor-tab-content-2392\" class=\"elementor-tab-content elementor-clearfix\" data-tab=\"2\" role=\"tabpanel\" aria-labelledby=\"elementor-tab-title-2392\" tabindex=\"0\" hidden=\"hidden\"><p>Nuestra caminata por la ciudad gratis esta disponible 3 veces a la semana. Por que en vivo? porque nos importa como viajero y queremos que tus preguntas y comentarios sean respondidos y atendidos, como si estuvieras tomando el recorrido en persona junto a nosotros. Para conocer nuestros horarios y fechas por favor ingresa a nuestra p\u00e1gina de Facebook <a href=\"https:\/\/www.facebook.com\/redcaptours\/\">https:\/\/www.facebook.com\/redcaptours\/<\/a><\/p>\n<\/div>\n\t\t\t\t\t\t\t<\/div>\n\t\t<\/div>\n\t\t\t\t\t\t<\/div>\n\t\t\t\t<\/div>\n\t\t\t\t<div class=\"elementor-element elementor-element-9cbe649 elementor-align-center elementor-hidden-phone elementor-widget elementor-widget-button\" data-id=\"9cbe649\" data-element_type=\"widget\" data-widget_type=\"button.default\">\n\t\t\t\t<div class=\"elementor-widget-container\">\n\t\t\t\t\t\t\t\t\t<div class=\"elementor-button-wrapper\">\n\t\t\t\t\t<a class=\"elementor-button elementor-button-link elementor-size-sm elementor-animation-grow\" href=\"#elementor-action%3Aaction%3Dpopup%3Aopen%26settings%3DeyJpZCI6IjU5MyIsInRvZ2dsZSI6ZmFsc2V9\">\n\t\t\t\t\t\t<span class=\"elementor-button-content-wrapper\">\n\t\t\t\t\t\t\t\t\t<span class=\"elementor-button-text\">RESERVA AHORA<\/span>\n\t\t\t\t\t<\/span>\n\t\t\t\t\t<\/a>\n\t\t\t\t<\/div>\n\t\t\t\t\t\t\t\t<\/div>\n\t\t\t\t<\/div>\n\t\t\t\t<div class=\"elementor-element elementor-element-14787a7 elementor-widget elementor-widget-heading\" data-id=\"14787a7\" data-element_type=\"widget\" data-widget_type=\"heading.default\">\n\t\t\t\t<div class=\"elementor-widget-container\">\n\t\t\t\t\t<h4 class=\"elementor-heading-title elementor-size-default\">Mira m\u00e1s de cerca<\/h4>\t\t\t\t<\/div>\n\t\t\t\t<\/div>\n\t\t\t\t<div class=\"elementor-element elementor-element-405b096 gallery-spacing-custom elementor-widget elementor-widget-image-gallery\" data-id=\"405b096\" data-element_type=\"widget\" data-widget_type=\"image-gallery.default\">\n\t\t\t\t<div class=\"elementor-widget-container\">\n\t\t\t\t\t\t\t<div class=\"elementor-image-gallery\">\n\t\t\t<div id='gallery-1' class='gallery galleryid-1331 gallery-columns-3 gallery-size-full'><figure class='gallery-item'>\n\t\t\t<div class='gallery-icon landscape'>\n\t\t\t\t<img fetchpriority=\"high\" decoding=\"async\" width=\"900\" height=\"600\" src=\"https:\/\/redcapwalkingtours.com\/wp-content\/uploads\/Free-Virtual-Tour-1.jpg\" class=\"attachment-full size-full\" alt=\"\" srcset=\"https:\/\/redcapwalkingtours.com\/wp-content\/uploads\/Free-Virtual-Tour-1.jpg 900w, https:\/\/redcapwalkingtours.com\/wp-content\/uploads\/Free-Virtual-Tour-1-300x200.jpg 300w, https:\/\/redcapwalkingtours.com\/wp-content\/uploads\/Free-Virtual-Tour-1-768x512.jpg 768w\" sizes=\"(max-width: 900px) 100vw, 900px\" \/>\n\t\t\t<\/div><\/figure><figure class='gallery-item'>\n\t\t\t<div class='gallery-icon landscape'>\n\t\t\t\t<img decoding=\"async\" width=\"900\" height=\"600\" src=\"https:\/\/redcapwalkingtours.com\/wp-content\/uploads\/Free-Virtual-Tour-3.jpg\" class=\"attachment-full size-full\" alt=\"\" srcset=\"https:\/\/redcapwalkingtours.com\/wp-content\/uploads\/Free-Virtual-Tour-3.jpg 900w, https:\/\/redcapwalkingtours.com\/wp-content\/uploads\/Free-Virtual-Tour-3-300x200.jpg 300w, https:\/\/redcapwalkingtours.com\/wp-content\/uploads\/Free-Virtual-Tour-3-768x512.jpg 768w\" sizes=\"(max-width: 900px) 100vw, 900px\" \/>\n\t\t\t<\/div><\/figure><figure class='gallery-item'>\n\t\t\t<div class='gallery-icon landscape'>\n\t\t\t\t<img decoding=\"async\" width=\"900\" height=\"600\" src=\"https:\/\/redcapwalkingtours.com\/wp-content\/uploads\/Free-Virtual-Tour-4.jpg\" class=\"attachment-full size-full\" alt=\"\" srcset=\"https:\/\/redcapwalkingtours.com\/wp-content\/uploads\/Free-Virtual-Tour-4.jpg 900w, https:\/\/redcapwalkingtours.com\/wp-content\/uploads\/Free-Virtual-Tour-4-300x200.jpg 300w, https:\/\/redcapwalkingtours.com\/wp-content\/uploads\/Free-Virtual-Tour-4-768x512.jpg 768w\" sizes=\"(max-width: 900px) 100vw, 900px\" \/>\n\t\t\t<\/div><\/figure><figure class='gallery-item'>\n\t\t\t<div class='gallery-icon landscape'>\n\t\t\t\t<img loading=\"lazy\" decoding=\"async\" width=\"900\" height=\"600\" src=\"https:\/\/redcapwalkingtours.com\/wp-content\/uploads\/Free-Virtual-Tour-2.jpg\" class=\"attachment-full size-full\" alt=\"\" srcset=\"https:\/\/redcapwalkingtours.com\/wp-content\/uploads\/Free-Virtual-Tour-2.jpg 900w, https:\/\/redcapwalkingtours.com\/wp-content\/uploads\/Free-Virtual-Tour-2-300x200.jpg 300w, https:\/\/redcapwalkingtours.com\/wp-content\/uploads\/Free-Virtual-Tour-2-768x512.jpg 768w\" sizes=\"(max-width: 900px) 100vw, 900px\" \/>\n\t\t\t<\/div><\/figure>\n\t\t<\/div>\n\t\t<\/div>\n\t\t\t\t\t\t<\/div>\n\t\t\t\t<\/div>\n\t\t\t\t<div class=\"elementor-element elementor-element-e464ed6 elementor-hidden-phone elementor-widget elementor-widget-html\" data-id=\"e464ed6\" data-element_type=\"widget\" data-widget_type=\"html.default\">\n\t\t\t\t<div class=\"elementor-widget-container\">\n\t\t\t\t\t<center><script src=\"https:\/\/bw.trekksoft.com\/loader.js\" async data-owner=\"trekksoft\" data-type=\"activity-booking\" data-id=\"296761\" data-client-id=\"BOOKIE-5fcde6a416ca54e51b9ceb4a8\" data-token=\"047d011cc3ea01438849f6b44630e5d2b47d229f707c6ff2\" data-language=\"en\" data-agent-code=\"agent-21794\" data-element=\"embed\" data-width=\"600px\" data-height=\"800px\"><\/script><\/center>\t\t\t\t<\/div>\n\t\t\t\t<\/div>\n\t\t\t\t<div class=\"elementor-element elementor-element-07a8186 elementor-align-center elementor-mobile-align-center elementor-hidden-desktop elementor-hidden-tablet elementor-widget elementor-widget-button\" data-id=\"07a8186\" data-element_type=\"widget\" data-settings=\"{&quot;sticky&quot;:&quot;bottom&quot;,&quot;sticky_on&quot;:[&quot;mobile&quot;],&quot;sticky_offset&quot;:0,&quot;sticky_effects_offset&quot;:0,&quot;sticky_anchor_link_offset&quot;:0}\" data-widget_type=\"button.default\">\n\t\t\t\t<div class=\"elementor-widget-container\">\n\t\t\t\t\t\t\t\t\t<div class=\"elementor-button-wrapper\">\n\t\t\t\t\t<a class=\"elementor-button elementor-button-link elementor-size-sm elementor-animation-grow\" href=\"#elementor-action%3Aaction%3Dpopup%3Aopen%26settings%3DeyJpZCI6IjU5MyIsInRvZ2dsZSI6ZmFsc2V9\">\n\t\t\t\t\t\t<span class=\"elementor-button-content-wrapper\">\n\t\t\t\t\t\t\t\t\t<span class=\"elementor-button-text\">RESERVA AHORA<\/span>\n\t\t\t\t\t<\/span>\n\t\t\t\t\t<\/a>\n\t\t\t\t<\/div>\n\t\t\t\t\t\t\t\t<\/div>\n\t\t\t\t<\/div>\n\t\t\t\t\t<\/div>\n\t\t<\/div>\n\t\t\t\t\t<\/div>\n\t\t<\/section>\n\t\t\t\t<\/div>\n\t\t","protected":false},"excerpt":{"rendered":"<p>Tours La Paz es una ciudad como ninguna otra en la tierra. Su asombrosa altura (3.600 m \/ 11.800 pies) solo es superada por su incre\u00edble belleza. RESERVA AHORA DESCRIPCION Desde la comodidad de tu hogar y con la facilidad de cualquier dispositivo que este a tu alcance, con\u00e9ctate con el mundo de una notable [&hellip;]<\/p>\n","protected":false},"author":1,"featured_media":1339,"parent":1023,"menu_order":0,"comment_status":"closed","ping_status":"closed","template":"elementor_header_footer","meta":{"_monsterinsights_skip_tracking":false,"_monsterinsights_sitenote_active":false,"_monsterinsights_sitenote_note":"","_monsterinsights_sitenote_category":0,"_joinchat":[],"footnotes":""},"class_list":["post-1331","page","type-page","status-publish","has-post-thumbnail","hentry"],"_links":{"self":[{"href":"https:\/\/redcapwalkingtours.com\/es\/wp-json\/wp\/v2\/pages\/1331","targetHints":{"allow":["GET"]}}],"collection":[{"href":"https:\/\/redcapwalkingtours.com\/es\/wp-json\/wp\/v2\/pages"}],"about":[{"href":"https:\/\/redcapwalkingtours.com\/es\/wp-json\/wp\/v2\/types\/page"}],"author":[{"embeddable":true,"href":"https:\/\/redcapwalkingtours.com\/es\/wp-json\/wp\/v2\/users\/1"}],"replies":[{"embeddable":true,"href":"https:\/\/redcapwalkingtours.com\/es\/wp-json\/wp\/v2\/comments?post=1331"}],"version-history":[{"count":4,"href":"https:\/\/redcapwalkingtours.com\/es\/wp-json\/wp\/v2\/pages\/1331\/revisions"}],"predecessor-version":[{"id":1457,"href":"https:\/\/redcapwalkingtours.com\/es\/wp-json\/wp\/v2\/pages\/1331\/revisions\/1457"}],"up":[{"embeddable":true,"href":"https:\/\/redcapwalkingtours.com\/es\/wp-json\/wp\/v2\/pages\/1023"}],"wp:featuredmedia":[{"embeddable":true,"href":"https:\/\/redcapwalkingtours.com\/es\/wp-json\/wp\/v2\/media\/1339"}],"wp:attachment":[{"href":"https:\/\/redcapwalkingtours.com\/es\/wp-json\/wp\/v2\/media?parent=1331"}],"curies":[{"name":"wp","href":"https:\/\/api.w.org\/{rel}","templated":true}]}}