{"id":1309,"date":"2021-06-29T20:25:01","date_gmt":"2021-06-30T00:25:01","guid":{"rendered":"https:\/\/redcapwalkingtours.com\/tours\/tour-gastronomico\/"},"modified":"2023-08-16T22:04:28","modified_gmt":"2023-08-17T02:04:28","slug":"tour-gastronomico","status":"publish","type":"page","link":"https:\/\/redcapwalkingtours.com\/es\/tours\/tour-gastronomico\/","title":{"rendered":"Tour Gastron\u00f3mico"},"content":{"rendered":"\t\t<div data-elementor-type=\"wp-page\" data-elementor-id=\"1309\" class=\"elementor elementor-1309\" data-elementor-post-type=\"page\">\n\t\t\t\t\t\t<section class=\"elementor-section elementor-top-section elementor-element elementor-element-abf628d elementor-section-height-min-height elementor-section-content-middle elementor-section-boxed elementor-section-height-default elementor-section-items-middle\" data-id=\"abf628d\" data-element_type=\"section\" data-settings=\"{&quot;background_background&quot;:&quot;classic&quot;,&quot;jet_parallax_layout_list&quot;:[{&quot;_id&quot;:&quot;9d86151&quot;,&quot;jet_parallax_layout_image&quot;:{&quot;url&quot;:&quot;&quot;,&quot;id&quot;:&quot;&quot;,&quot;size&quot;:&quot;&quot;},&quot;jet_parallax_layout_image_tablet&quot;:{&quot;url&quot;:&quot;&quot;,&quot;id&quot;:&quot;&quot;,&quot;size&quot;:&quot;&quot;},&quot;jet_parallax_layout_image_mobile&quot;:{&quot;url&quot;:&quot;&quot;,&quot;id&quot;:&quot;&quot;,&quot;size&quot;:&quot;&quot;},&quot;jet_parallax_layout_speed&quot;:{&quot;unit&quot;:&quot;%&quot;,&quot;size&quot;:50,&quot;sizes&quot;:[]},&quot;jet_parallax_layout_type&quot;:&quot;scroll&quot;,&quot;jet_parallax_layout_direction&quot;:null,&quot;jet_parallax_layout_fx_direction&quot;:null,&quot;jet_parallax_layout_z_index&quot;:&quot;&quot;,&quot;jet_parallax_layout_bg_x&quot;:50,&quot;jet_parallax_layout_bg_x_tablet&quot;:&quot;&quot;,&quot;jet_parallax_layout_bg_x_mobile&quot;:&quot;&quot;,&quot;jet_parallax_layout_bg_y&quot;:50,&quot;jet_parallax_layout_bg_y_tablet&quot;:&quot;&quot;,&quot;jet_parallax_layout_bg_y_mobile&quot;:&quot;&quot;,&quot;jet_parallax_layout_bg_size&quot;:&quot;auto&quot;,&quot;jet_parallax_layout_bg_size_tablet&quot;:&quot;&quot;,&quot;jet_parallax_layout_bg_size_mobile&quot;:&quot;&quot;,&quot;jet_parallax_layout_animation_prop&quot;:&quot;transform&quot;,&quot;jet_parallax_layout_on&quot;:[&quot;desktop&quot;,&quot;tablet&quot;]}]}\">\n\t\t\t\t\t\t\t<div class=\"elementor-background-overlay\"><\/div>\n\t\t\t\t\t\t\t<div class=\"elementor-container elementor-column-gap-default\">\n\t\t\t\t\t<div class=\"elementor-column elementor-col-100 elementor-top-column elementor-element elementor-element-56f0164\" data-id=\"56f0164\" data-element_type=\"column\">\n\t\t\t<div class=\"elementor-widget-wrap elementor-element-populated\">\n\t\t\t\t\t\t<div class=\"elementor-element elementor-element-014821f elementor-widget elementor-widget-heading\" data-id=\"014821f\" data-element_type=\"widget\" data-widget_type=\"heading.default\">\n\t\t\t\t<div class=\"elementor-widget-container\">\n\t\t\t\t\t<h5 class=\"elementor-heading-title elementor-size-default\">Tours<\/h5>\t\t\t\t<\/div>\n\t\t\t\t<\/div>\n\t\t\t\t<div class=\"elementor-element elementor-element-c920381 elementor-widget elementor-widget-text-editor\" data-id=\"c920381\" data-element_type=\"widget\" data-widget_type=\"text-editor.default\">\n\t\t\t\t<div class=\"elementor-widget-container\">\n\t\t\t\t\t\t\t\t\t<p>Bolivia no es conocida por sus delicias culinarias, \u00a1pero estamos por cambiar eso!<\/p>\n\t\t\t\t\t\t\t\t<\/div>\n\t\t\t\t<\/div>\n\t\t\t\t<div class=\"elementor-element elementor-element-16de3a3 elementor-hidden-phone elementor-widget elementor-widget-button\" data-id=\"16de3a3\" data-element_type=\"widget\" data-widget_type=\"button.default\">\n\t\t\t\t<div class=\"elementor-widget-container\">\n\t\t\t\t\t\t\t\t\t<div class=\"elementor-button-wrapper\">\n\t\t\t\t\t<a class=\"elementor-button elementor-button-link elementor-size-sm elementor-animation-grow\" href=\"#elementor-action%3Aaction%3Dpopup%3Aopen%26settings%3DeyJpZCI6Ijc1NCIsInRvZ2dsZSI6ZmFsc2V9\">\n\t\t\t\t\t\t<span class=\"elementor-button-content-wrapper\">\n\t\t\t\t\t\t\t\t\t<span class=\"elementor-button-text\">RESERVA AHORA<\/span>\n\t\t\t\t\t<\/span>\n\t\t\t\t\t<\/a>\n\t\t\t\t<\/div>\n\t\t\t\t\t\t\t\t<\/div>\n\t\t\t\t<\/div>\n\t\t\t\t\t<\/div>\n\t\t<\/div>\n\t\t\t\t\t<\/div>\n\t\t<\/section>\n\t\t\t\t<section class=\"elementor-section elementor-top-section elementor-element elementor-element-f7bf527 elementor-section-boxed elementor-section-height-default elementor-section-height-default\" data-id=\"f7bf527\" data-element_type=\"section\" data-settings=\"{&quot;jet_parallax_layout_list&quot;:[{&quot;_id&quot;:&quot;d172b35&quot;,&quot;jet_parallax_layout_image&quot;:{&quot;url&quot;:&quot;&quot;,&quot;id&quot;:&quot;&quot;,&quot;size&quot;:&quot;&quot;},&quot;jet_parallax_layout_image_tablet&quot;:{&quot;url&quot;:&quot;&quot;,&quot;id&quot;:&quot;&quot;,&quot;size&quot;:&quot;&quot;},&quot;jet_parallax_layout_image_mobile&quot;:{&quot;url&quot;:&quot;&quot;,&quot;id&quot;:&quot;&quot;,&quot;size&quot;:&quot;&quot;},&quot;jet_parallax_layout_speed&quot;:{&quot;unit&quot;:&quot;%&quot;,&quot;size&quot;:50,&quot;sizes&quot;:[]},&quot;jet_parallax_layout_type&quot;:&quot;scroll&quot;,&quot;jet_parallax_layout_direction&quot;:null,&quot;jet_parallax_layout_fx_direction&quot;:null,&quot;jet_parallax_layout_z_index&quot;:&quot;&quot;,&quot;jet_parallax_layout_bg_x&quot;:50,&quot;jet_parallax_layout_bg_x_tablet&quot;:&quot;&quot;,&quot;jet_parallax_layout_bg_x_mobile&quot;:&quot;&quot;,&quot;jet_parallax_layout_bg_y&quot;:50,&quot;jet_parallax_layout_bg_y_tablet&quot;:&quot;&quot;,&quot;jet_parallax_layout_bg_y_mobile&quot;:&quot;&quot;,&quot;jet_parallax_layout_bg_size&quot;:&quot;auto&quot;,&quot;jet_parallax_layout_bg_size_tablet&quot;:&quot;&quot;,&quot;jet_parallax_layout_bg_size_mobile&quot;:&quot;&quot;,&quot;jet_parallax_layout_animation_prop&quot;:&quot;transform&quot;,&quot;jet_parallax_layout_on&quot;:[&quot;desktop&quot;,&quot;tablet&quot;]}]}\">\n\t\t\t\t\t\t<div class=\"elementor-container elementor-column-gap-default\">\n\t\t\t\t\t<div class=\"elementor-column elementor-col-100 elementor-top-column elementor-element elementor-element-60da76c\" data-id=\"60da76c\" data-element_type=\"column\">\n\t\t\t<div class=\"elementor-widget-wrap elementor-element-populated\">\n\t\t\t\t\t\t<div class=\"elementor-element elementor-element-a84ef27 elementor-widget elementor-widget-heading\" data-id=\"a84ef27\" data-element_type=\"widget\" data-widget_type=\"heading.default\">\n\t\t\t\t<div class=\"elementor-widget-container\">\n\t\t\t\t\t<h4 class=\"elementor-heading-title elementor-size-default\">DESCRIPCION<\/h4>\t\t\t\t<\/div>\n\t\t\t\t<\/div>\n\t\t\t\t<div class=\"elementor-element elementor-element-8476d69 elementor-widget elementor-widget-text-editor\" data-id=\"8476d69\" data-element_type=\"widget\" data-widget_type=\"text-editor.default\">\n\t\t\t\t<div class=\"elementor-widget-container\">\n\t\t\t\t\t\t\t\t\t<p><strong>Deliciosa comida boliviana!<\/strong><\/p><p>\u00a0<\/p><p>Bolivia no es conocida por sus delicias culinarias, \u00a1pero estamos por cambiar eso! Nunca se puede conocer un lugar sin comer de su mesa! Aqu\u00ed, donde no encontrar\u00e1 McDonald&#8217;s, la comida es donde la familia se re\u00fane, donde la locura del d\u00eda se detiene y los placeres simples de la vida son apreciados. Prueba una c\u00e1lida y abundante cocina de un c\u00e1lido y abundante personas.<\/p><p>Esta excursi\u00f3n por la noche dejar\u00e1 su est\u00f3mago, mente y alma lleno! Con lo mejor de la cocina boliviana y las historias detr\u00e1s de los platos que te dicen m\u00e1s sobre la gente de quien se origin\u00f3 que los ingredientes que los componen.<\/p><p>El tour se realiza por reserva (por favor, al menos 1 d\u00eda de antelaci\u00f3n, especifique los requerimientos especiales de comida). La excursi\u00f3n comienza a las 6:30 pm en la IGLESIA DE SAN FRANCISCO (En las puertas grandes de la Iglesia) con los gustos de los mejores restaurantes locales (que hemos inspeccionado para la limpieza y la manipulaci\u00f3n adecuada de alimentos) y pasando por mercados \u00fanicos de La Paz y otros sitios. Terminamos con una bebida y charla entre nuevos amigos en uno de los bares\/caf\u00e9s m\u00e1s interesantes de La Paz.<\/p><p>Traiga su apetito, zapatos c\u00f3modos, pantalones ajustables, y dinero para bebidas extra, propinas y el taxi a casa!<\/p><p>Reserve ahora o env\u00edenos un correo electr\u00f3nico!.<\/p>\t\t\t\t\t\t\t\t<\/div>\n\t\t\t\t<\/div>\n\t\t\t\t<div class=\"elementor-element elementor-element-ed26758 elementor-tabs-view-horizontal elementor-widget elementor-widget-tabs\" data-id=\"ed26758\" data-element_type=\"widget\" data-widget_type=\"tabs.default\">\n\t\t\t\t<div class=\"elementor-widget-container\">\n\t\t\t\t\t\t\t<div class=\"elementor-tabs\">\n\t\t\t<div class=\"elementor-tabs-wrapper\" role=\"tablist\" >\n\t\t\t\t\t\t\t\t\t<div id=\"elementor-tab-title-2481\" class=\"elementor-tab-title elementor-tab-desktop-title\" aria-selected=\"true\" data-tab=\"1\" role=\"tab\" tabindex=\"0\" aria-controls=\"elementor-tab-content-2481\" aria-expanded=\"false\">DESTACADO<\/div>\n\t\t\t\t\t\t\t\t\t<div id=\"elementor-tab-title-2482\" class=\"elementor-tab-title elementor-tab-desktop-title\" aria-selected=\"false\" data-tab=\"2\" role=\"tab\" tabindex=\"-1\" aria-controls=\"elementor-tab-content-2482\" aria-expanded=\"false\">ITINERARIO<\/div>\n\t\t\t\t\t\t\t<\/div>\n\t\t\t<div class=\"elementor-tabs-content-wrapper\" role=\"tablist\" aria-orientation=\"vertical\">\n\t\t\t\t\t\t\t\t\t<div class=\"elementor-tab-title elementor-tab-mobile-title\" aria-selected=\"true\" data-tab=\"1\" role=\"tab\" tabindex=\"0\" aria-controls=\"elementor-tab-content-2481\" aria-expanded=\"false\">DESTACADO<\/div>\n\t\t\t\t\t<div id=\"elementor-tab-content-2481\" class=\"elementor-tab-content elementor-clearfix\" data-tab=\"1\" role=\"tabpanel\" aria-labelledby=\"elementor-tab-title-2481\" tabindex=\"0\" hidden=\"false\"><ul><li><p>Pruebe con seguridad 6 + platos locales en los lugares de la ciudad que saben c\u00f3mo hacerlos mejor!<\/p><\/li><li><p>Todos los ingredientes son cultivadas localmente.<\/p><\/li><li><p>Haga su propio c\u00f3ctel local!<\/p><\/li><li><p>Opciones vegetarianas disponibles (pocas opciones disponibles)<\/p><\/li><li><p>Gu\u00eda local, amante de la comida para compartir la historia detr\u00e1s de cada plato!<\/p><\/li><\/ul><\/div>\n\t\t\t\t\t\t\t\t\t<div class=\"elementor-tab-title elementor-tab-mobile-title\" aria-selected=\"false\" data-tab=\"2\" role=\"tab\" tabindex=\"-1\" aria-controls=\"elementor-tab-content-2482\" aria-expanded=\"false\">ITINERARIO<\/div>\n\t\t\t\t\t<div id=\"elementor-tab-content-2482\" class=\"elementor-tab-content elementor-clearfix\" data-tab=\"2\" role=\"tabpanel\" aria-labelledby=\"elementor-tab-title-2482\" tabindex=\"0\" hidden=\"hidden\"><p>Podemos hacer grupos privados para 2+ personas si tienes un autob\u00fas para coger o no puedes hacer nuestro viaje al horario normal.<\/p>\n<p>Nos reunimos a las 6:30 pm en PLAZA DE SAN FRANCISCO, frente a la hermosa iglesia. Desde all\u00ed probamos la comida fresca del mercado local y frutas extra\u00f1as. Luego nos dirigiremos a varios restaurantes locales que sirven platos incre\u00edbles. Haga su propia bebida local con licores locales y converse con su gu\u00eda local y nuevos amigos.<\/p><\/div>\n\t\t\t\t\t\t\t<\/div>\n\t\t<\/div>\n\t\t\t\t\t\t<\/div>\n\t\t\t\t<\/div>\n\t\t\t\t<div class=\"elementor-element elementor-element-0a563c3 elementor-align-center elementor-hidden-phone elementor-widget elementor-widget-button\" data-id=\"0a563c3\" data-element_type=\"widget\" data-widget_type=\"button.default\">\n\t\t\t\t<div class=\"elementor-widget-container\">\n\t\t\t\t\t\t\t\t\t<div class=\"elementor-button-wrapper\">\n\t\t\t\t\t<a class=\"elementor-button elementor-button-link elementor-size-sm elementor-animation-grow\" href=\"#elementor-action%3Aaction%3Dpopup%3Aopen%26settings%3DeyJpZCI6Ijc1NCIsInRvZ2dsZSI6ZmFsc2V9\">\n\t\t\t\t\t\t<span class=\"elementor-button-content-wrapper\">\n\t\t\t\t\t\t\t\t\t<span class=\"elementor-button-text\">RESERVA AHORA<\/span>\n\t\t\t\t\t<\/span>\n\t\t\t\t\t<\/a>\n\t\t\t\t<\/div>\n\t\t\t\t\t\t\t\t<\/div>\n\t\t\t\t<\/div>\n\t\t\t\t<div class=\"elementor-element elementor-element-6541ca1 elementor-widget elementor-widget-heading\" data-id=\"6541ca1\" data-element_type=\"widget\" data-widget_type=\"heading.default\">\n\t\t\t\t<div class=\"elementor-widget-container\">\n\t\t\t\t\t<h4 class=\"elementor-heading-title elementor-size-default\">Mira m\u00e1s de cerca<\/h4>\t\t\t\t<\/div>\n\t\t\t\t<\/div>\n\t\t\t\t<div class=\"elementor-element elementor-element-83f6741 gallery-spacing-custom elementor-widget elementor-widget-image-gallery\" data-id=\"83f6741\" data-element_type=\"widget\" data-widget_type=\"image-gallery.default\">\n\t\t\t\t<div class=\"elementor-widget-container\">\n\t\t\t\t\t\t\t<div class=\"elementor-image-gallery\">\n\t\t\t<div id='gallery-1' class='gallery galleryid-1309 gallery-columns-3 gallery-size-full'><figure class='gallery-item'>\n\t\t\t<div class='gallery-icon landscape'>\n\t\t\t\t<img fetchpriority=\"high\" decoding=\"async\" width=\"900\" height=\"600\" src=\"https:\/\/redcapwalkingtours.com\/wp-content\/uploads\/Foodie-Tour-1.jpg\" class=\"attachment-full size-full\" alt=\"\" srcset=\"https:\/\/redcapwalkingtours.com\/wp-content\/uploads\/Foodie-Tour-1.jpg 900w, https:\/\/redcapwalkingtours.com\/wp-content\/uploads\/Foodie-Tour-1-300x200.jpg 300w, https:\/\/redcapwalkingtours.com\/wp-content\/uploads\/Foodie-Tour-1-768x512.jpg 768w\" sizes=\"(max-width: 900px) 100vw, 900px\" \/>\n\t\t\t<\/div><\/figure><figure class='gallery-item'>\n\t\t\t<div class='gallery-icon landscape'>\n\t\t\t\t<img decoding=\"async\" width=\"900\" height=\"600\" src=\"https:\/\/redcapwalkingtours.com\/wp-content\/uploads\/Foodie-Tour-2-1.jpg\" class=\"attachment-full size-full\" alt=\"\" srcset=\"https:\/\/redcapwalkingtours.com\/wp-content\/uploads\/Foodie-Tour-2-1.jpg 900w, https:\/\/redcapwalkingtours.com\/wp-content\/uploads\/Foodie-Tour-2-1-300x200.jpg 300w, https:\/\/redcapwalkingtours.com\/wp-content\/uploads\/Foodie-Tour-2-1-768x512.jpg 768w\" sizes=\"(max-width: 900px) 100vw, 900px\" \/>\n\t\t\t<\/div><\/figure><figure class='gallery-item'>\n\t\t\t<div class='gallery-icon landscape'>\n\t\t\t\t<img decoding=\"async\" width=\"900\" height=\"600\" src=\"https:\/\/redcapwalkingtours.com\/wp-content\/uploads\/Foodie-Tour-3.jpg\" class=\"attachment-full size-full\" alt=\"\" srcset=\"https:\/\/redcapwalkingtours.com\/wp-content\/uploads\/Foodie-Tour-3.jpg 900w, https:\/\/redcapwalkingtours.com\/wp-content\/uploads\/Foodie-Tour-3-300x200.jpg 300w, https:\/\/redcapwalkingtours.com\/wp-content\/uploads\/Foodie-Tour-3-768x512.jpg 768w\" sizes=\"(max-width: 900px) 100vw, 900px\" \/>\n\t\t\t<\/div><\/figure><figure class='gallery-item'>\n\t\t\t<div class='gallery-icon landscape'>\n\t\t\t\t<img loading=\"lazy\" decoding=\"async\" width=\"900\" height=\"600\" src=\"https:\/\/redcapwalkingtours.com\/wp-content\/uploads\/Foodie-Tour-4.jpg\" class=\"attachment-full size-full\" alt=\"\" srcset=\"https:\/\/redcapwalkingtours.com\/wp-content\/uploads\/Foodie-Tour-4.jpg 900w, https:\/\/redcapwalkingtours.com\/wp-content\/uploads\/Foodie-Tour-4-300x200.jpg 300w, https:\/\/redcapwalkingtours.com\/wp-content\/uploads\/Foodie-Tour-4-768x512.jpg 768w\" sizes=\"(max-width: 900px) 100vw, 900px\" \/>\n\t\t\t<\/div><\/figure><figure class='gallery-item'>\n\t\t\t<div class='gallery-icon landscape'>\n\t\t\t\t<img loading=\"lazy\" decoding=\"async\" width=\"900\" height=\"600\" src=\"https:\/\/redcapwalkingtours.com\/wp-content\/uploads\/Foodie-Tour-5.jpg\" class=\"attachment-full size-full\" alt=\"\" srcset=\"https:\/\/redcapwalkingtours.com\/wp-content\/uploads\/Foodie-Tour-5.jpg 900w, https:\/\/redcapwalkingtours.com\/wp-content\/uploads\/Foodie-Tour-5-300x200.jpg 300w, https:\/\/redcapwalkingtours.com\/wp-content\/uploads\/Foodie-Tour-5-768x512.jpg 768w\" sizes=\"(max-width: 900px) 100vw, 900px\" \/>\n\t\t\t<\/div><\/figure><figure class='gallery-item'>\n\t\t\t<div class='gallery-icon landscape'>\n\t\t\t\t<img loading=\"lazy\" decoding=\"async\" width=\"900\" height=\"600\" src=\"https:\/\/redcapwalkingtours.com\/wp-content\/uploads\/Foodie-Tour-6.jpg\" class=\"attachment-full size-full\" alt=\"\" srcset=\"https:\/\/redcapwalkingtours.com\/wp-content\/uploads\/Foodie-Tour-6.jpg 900w, https:\/\/redcapwalkingtours.com\/wp-content\/uploads\/Foodie-Tour-6-300x200.jpg 300w, https:\/\/redcapwalkingtours.com\/wp-content\/uploads\/Foodie-Tour-6-768x512.jpg 768w\" sizes=\"(max-width: 900px) 100vw, 900px\" \/>\n\t\t\t<\/div><\/figure><figure class='gallery-item'>\n\t\t\t<div class='gallery-icon landscape'>\n\t\t\t\t<img loading=\"lazy\" decoding=\"async\" width=\"900\" height=\"600\" src=\"https:\/\/redcapwalkingtours.com\/wp-content\/uploads\/Foodie-Tour-7.jpg\" class=\"attachment-full size-full\" alt=\"\" srcset=\"https:\/\/redcapwalkingtours.com\/wp-content\/uploads\/Foodie-Tour-7.jpg 900w, https:\/\/redcapwalkingtours.com\/wp-content\/uploads\/Foodie-Tour-7-300x200.jpg 300w, https:\/\/redcapwalkingtours.com\/wp-content\/uploads\/Foodie-Tour-7-768x512.jpg 768w\" sizes=\"(max-width: 900px) 100vw, 900px\" \/>\n\t\t\t<\/div><\/figure><figure class='gallery-item'>\n\t\t\t<div class='gallery-icon landscape'>\n\t\t\t\t<img loading=\"lazy\" decoding=\"async\" width=\"900\" height=\"600\" src=\"https:\/\/redcapwalkingtours.com\/wp-content\/uploads\/Foodie-Tour-8.jpg\" class=\"attachment-full size-full\" alt=\"\" srcset=\"https:\/\/redcapwalkingtours.com\/wp-content\/uploads\/Foodie-Tour-8.jpg 900w, https:\/\/redcapwalkingtours.com\/wp-content\/uploads\/Foodie-Tour-8-300x200.jpg 300w, https:\/\/redcapwalkingtours.com\/wp-content\/uploads\/Foodie-Tour-8-768x512.jpg 768w\" sizes=\"(max-width: 900px) 100vw, 900px\" \/>\n\t\t\t<\/div><\/figure><figure class='gallery-item'>\n\t\t\t<div class='gallery-icon landscape'>\n\t\t\t\t<img loading=\"lazy\" decoding=\"async\" width=\"900\" height=\"600\" src=\"https:\/\/redcapwalkingtours.com\/wp-content\/uploads\/Foodie-Tour-9.jpg\" class=\"attachment-full size-full\" alt=\"\" srcset=\"https:\/\/redcapwalkingtours.com\/wp-content\/uploads\/Foodie-Tour-9.jpg 900w, https:\/\/redcapwalkingtours.com\/wp-content\/uploads\/Foodie-Tour-9-300x200.jpg 300w, https:\/\/redcapwalkingtours.com\/wp-content\/uploads\/Foodie-Tour-9-768x512.jpg 768w\" sizes=\"(max-width: 900px) 100vw, 900px\" \/>\n\t\t\t<\/div><\/figure>\n\t\t<\/div>\n\t\t<\/div>\n\t\t\t\t\t\t<\/div>\n\t\t\t\t<\/div>\n\t\t\t\t<div class=\"elementor-element elementor-element-7a8c562 elementor-hidden-phone elementor-widget elementor-widget-html\" data-id=\"7a8c562\" data-element_type=\"widget\" data-widget_type=\"html.default\">\n\t\t\t\t<div class=\"elementor-widget-container\">\n\t\t\t\t\t<center><script src=\"https:\/\/bw.trekksoft.com\/loader.js\" async data-owner=\"trekksoft\" data-type=\"activity-booking\" data-id=\"27847\" data-client-id=\"BOOKIE-5fcde6a416ca54e51b9ceb4a8\" data-token=\"047d011cc3ea01438849f6b44630e5d2b47d229f707c6ff2\" data-language=\"en\" data-agent-code=\"agent-21794\" data-element=\"embed\" data-width=\"600px\" data-height=\"800px\"><\/script><\/center>\t\t\t\t<\/div>\n\t\t\t\t<\/div>\n\t\t\t\t<div class=\"elementor-element elementor-element-6c11687 elementor-align-center elementor-mobile-align-center elementor-hidden-desktop elementor-hidden-tablet elementor-widget elementor-widget-button\" data-id=\"6c11687\" data-element_type=\"widget\" data-settings=\"{&quot;sticky&quot;:&quot;bottom&quot;,&quot;sticky_on&quot;:[&quot;mobile&quot;],&quot;sticky_offset&quot;:0,&quot;sticky_effects_offset&quot;:0,&quot;sticky_anchor_link_offset&quot;:0}\" data-widget_type=\"button.default\">\n\t\t\t\t<div class=\"elementor-widget-container\">\n\t\t\t\t\t\t\t\t\t<div class=\"elementor-button-wrapper\">\n\t\t\t\t\t<a class=\"elementor-button elementor-button-link elementor-size-sm elementor-animation-grow\" href=\"#elementor-action%3Aaction%3Dpopup%3Aopen%26settings%3DeyJpZCI6Ijc1NCIsInRvZ2dsZSI6ZmFsc2V9\">\n\t\t\t\t\t\t<span class=\"elementor-button-content-wrapper\">\n\t\t\t\t\t\t\t\t\t<span class=\"elementor-button-text\">RESERVA AHORA<\/span>\n\t\t\t\t\t<\/span>\n\t\t\t\t\t<\/a>\n\t\t\t\t<\/div>\n\t\t\t\t\t\t\t\t<\/div>\n\t\t\t\t<\/div>\n\t\t\t\t\t<\/div>\n\t\t<\/div>\n\t\t\t\t\t<\/div>\n\t\t<\/section>\n\t\t\t\t<\/div>\n\t\t","protected":false},"excerpt":{"rendered":"<p>Tours Bolivia no es conocida por sus delicias culinarias, \u00a1pero estamos por cambiar eso! RESERVA AHORA DESCRIPCION Deliciosa comida boliviana! \u00a0 Bolivia no es conocida por sus delicias culinarias, \u00a1pero estamos por cambiar eso! Nunca se puede conocer un lugar sin comer de su mesa! Aqu\u00ed, donde no encontrar\u00e1 McDonald&#8217;s, la comida es donde la [&hellip;]<\/p>\n","protected":false},"author":1,"featured_media":1393,"parent":1023,"menu_order":0,"comment_status":"closed","ping_status":"closed","template":"elementor_header_footer","meta":{"_monsterinsights_skip_tracking":false,"_monsterinsights_sitenote_active":false,"_monsterinsights_sitenote_note":"","_monsterinsights_sitenote_category":0,"_joinchat":[],"footnotes":""},"class_list":["post-1309","page","type-page","status-publish","has-post-thumbnail","hentry"],"_links":{"self":[{"href":"https:\/\/redcapwalkingtours.com\/es\/wp-json\/wp\/v2\/pages\/1309","targetHints":{"allow":["GET"]}}],"collection":[{"href":"https:\/\/redcapwalkingtours.com\/es\/wp-json\/wp\/v2\/pages"}],"about":[{"href":"https:\/\/redcapwalkingtours.com\/es\/wp-json\/wp\/v2\/types\/page"}],"author":[{"embeddable":true,"href":"https:\/\/redcapwalkingtours.com\/es\/wp-json\/wp\/v2\/users\/1"}],"replies":[{"embeddable":true,"href":"https:\/\/redcapwalkingtours.com\/es\/wp-json\/wp\/v2\/comments?post=1309"}],"version-history":[{"count":10,"href":"https:\/\/redcapwalkingtours.com\/es\/wp-json\/wp\/v2\/pages\/1309\/revisions"}],"predecessor-version":[{"id":1760,"href":"https:\/\/redcapwalkingtours.com\/es\/wp-json\/wp\/v2\/pages\/1309\/revisions\/1760"}],"up":[{"embeddable":true,"href":"https:\/\/redcapwalkingtours.com\/es\/wp-json\/wp\/v2\/pages\/1023"}],"wp:featuredmedia":[{"embeddable":true,"href":"https:\/\/redcapwalkingtours.com\/es\/wp-json\/wp\/v2\/media\/1393"}],"wp:attachment":[{"href":"https:\/\/redcapwalkingtours.com\/es\/wp-json\/wp\/v2\/media?parent=1309"}],"curies":[{"name":"wp","href":"https:\/\/api.w.org\/{rel}","templated":true}]}}