{"id":1284,"date":"2021-06-29T20:16:04","date_gmt":"2021-06-30T00:16:04","guid":{"rendered":"https:\/\/redcapwalkingtours.com\/tours\/tour-extendido-con-teleferico\/"},"modified":"2024-08-02T16:04:38","modified_gmt":"2024-08-02T20:04:38","slug":"tour-extendido-con-teleferico","status":"publish","type":"page","link":"https:\/\/redcapwalkingtours.com\/es\/tours\/tour-extendido-con-teleferico\/","title":{"rendered":"Tour extendido con Telef\u00e9rico"},"content":{"rendered":"\t\t<div data-elementor-type=\"wp-page\" data-elementor-id=\"1284\" class=\"elementor elementor-1284\" data-elementor-post-type=\"page\">\n\t\t\t\t\t\t<section class=\"elementor-section elementor-top-section elementor-element elementor-element-e4e74e2 elementor-section-height-min-height elementor-section-content-middle elementor-section-boxed elementor-section-height-default elementor-section-items-middle\" data-id=\"e4e74e2\" data-element_type=\"section\" data-settings=\"{&quot;background_background&quot;:&quot;classic&quot;,&quot;jet_parallax_layout_list&quot;:[{&quot;_id&quot;:&quot;9d86151&quot;,&quot;jet_parallax_layout_image&quot;:{&quot;url&quot;:&quot;&quot;,&quot;id&quot;:&quot;&quot;,&quot;size&quot;:&quot;&quot;},&quot;jet_parallax_layout_image_tablet&quot;:{&quot;url&quot;:&quot;&quot;,&quot;id&quot;:&quot;&quot;,&quot;size&quot;:&quot;&quot;},&quot;jet_parallax_layout_image_mobile&quot;:{&quot;url&quot;:&quot;&quot;,&quot;id&quot;:&quot;&quot;,&quot;size&quot;:&quot;&quot;},&quot;jet_parallax_layout_speed&quot;:{&quot;unit&quot;:&quot;%&quot;,&quot;size&quot;:50,&quot;sizes&quot;:[]},&quot;jet_parallax_layout_type&quot;:&quot;scroll&quot;,&quot;jet_parallax_layout_direction&quot;:null,&quot;jet_parallax_layout_fx_direction&quot;:null,&quot;jet_parallax_layout_z_index&quot;:&quot;&quot;,&quot;jet_parallax_layout_bg_x&quot;:50,&quot;jet_parallax_layout_bg_x_tablet&quot;:&quot;&quot;,&quot;jet_parallax_layout_bg_x_mobile&quot;:&quot;&quot;,&quot;jet_parallax_layout_bg_y&quot;:50,&quot;jet_parallax_layout_bg_y_tablet&quot;:&quot;&quot;,&quot;jet_parallax_layout_bg_y_mobile&quot;:&quot;&quot;,&quot;jet_parallax_layout_bg_size&quot;:&quot;auto&quot;,&quot;jet_parallax_layout_bg_size_tablet&quot;:&quot;&quot;,&quot;jet_parallax_layout_bg_size_mobile&quot;:&quot;&quot;,&quot;jet_parallax_layout_animation_prop&quot;:&quot;transform&quot;,&quot;jet_parallax_layout_on&quot;:[&quot;desktop&quot;,&quot;tablet&quot;]}]}\">\n\t\t\t\t\t\t\t<div class=\"elementor-background-overlay\"><\/div>\n\t\t\t\t\t\t\t<div class=\"elementor-container elementor-column-gap-default\">\n\t\t\t\t\t<div class=\"elementor-column elementor-col-100 elementor-top-column elementor-element elementor-element-81de8f8\" data-id=\"81de8f8\" data-element_type=\"column\">\n\t\t\t<div class=\"elementor-widget-wrap elementor-element-populated\">\n\t\t\t\t\t\t<div class=\"elementor-element elementor-element-7e53b43 elementor-widget elementor-widget-heading\" data-id=\"7e53b43\" data-element_type=\"widget\" data-widget_type=\"heading.default\">\n\t\t\t\t<div class=\"elementor-widget-container\">\n\t\t\t\t\t<h5 class=\"elementor-heading-title elementor-size-default\">Tours<\/h5>\t\t\t\t<\/div>\n\t\t\t\t<\/div>\n\t\t\t\t<div class=\"elementor-element elementor-element-dd1808d elementor-widget elementor-widget-text-editor\" data-id=\"dd1808d\" data-element_type=\"widget\" data-widget_type=\"text-editor.default\">\n\t\t\t\t<div class=\"elementor-widget-container\">\n\t\t\t\t\t\t\t\t\t<p>Sal de los tours comunes y danos encuentro a las 2:00pm en el RESTAURANTE STEAKHOUSE (Calle Murillo, esq. Tarija), para acompa\u00f1arnos en una aventura extendida por la ciudad de La Paz!<\/p>\t\t\t\t\t\t\t\t<\/div>\n\t\t\t\t<\/div>\n\t\t\t\t<div class=\"elementor-element elementor-element-74c8e5d elementor-hidden-phone elementor-widget elementor-widget-button\" data-id=\"74c8e5d\" data-element_type=\"widget\" data-widget_type=\"button.default\">\n\t\t\t\t<div class=\"elementor-widget-container\">\n\t\t\t\t\t\t\t\t\t<div class=\"elementor-button-wrapper\">\n\t\t\t\t\t<a class=\"elementor-button elementor-button-link elementor-size-sm elementor-animation-grow\" href=\"#elementor-action%3Aaction%3Dpopup%3Aopen%26settings%3DeyJpZCI6Ijc1OCIsInRvZ2dsZSI6ZmFsc2V9\">\n\t\t\t\t\t\t<span class=\"elementor-button-content-wrapper\">\n\t\t\t\t\t\t\t\t\t<span class=\"elementor-button-text\">RESERVA AHORA<\/span>\n\t\t\t\t\t<\/span>\n\t\t\t\t\t<\/a>\n\t\t\t\t<\/div>\n\t\t\t\t\t\t\t\t<\/div>\n\t\t\t\t<\/div>\n\t\t\t\t\t<\/div>\n\t\t<\/div>\n\t\t\t\t\t<\/div>\n\t\t<\/section>\n\t\t\t\t<section class=\"elementor-section elementor-top-section elementor-element elementor-element-b378f08 elementor-section-boxed elementor-section-height-default elementor-section-height-default\" data-id=\"b378f08\" data-element_type=\"section\" data-settings=\"{&quot;jet_parallax_layout_list&quot;:[{&quot;_id&quot;:&quot;d172b35&quot;,&quot;jet_parallax_layout_image&quot;:{&quot;url&quot;:&quot;&quot;,&quot;id&quot;:&quot;&quot;,&quot;size&quot;:&quot;&quot;},&quot;jet_parallax_layout_image_tablet&quot;:{&quot;url&quot;:&quot;&quot;,&quot;id&quot;:&quot;&quot;,&quot;size&quot;:&quot;&quot;},&quot;jet_parallax_layout_image_mobile&quot;:{&quot;url&quot;:&quot;&quot;,&quot;id&quot;:&quot;&quot;,&quot;size&quot;:&quot;&quot;},&quot;jet_parallax_layout_speed&quot;:{&quot;unit&quot;:&quot;%&quot;,&quot;size&quot;:50,&quot;sizes&quot;:[]},&quot;jet_parallax_layout_type&quot;:&quot;scroll&quot;,&quot;jet_parallax_layout_direction&quot;:null,&quot;jet_parallax_layout_fx_direction&quot;:null,&quot;jet_parallax_layout_z_index&quot;:&quot;&quot;,&quot;jet_parallax_layout_bg_x&quot;:50,&quot;jet_parallax_layout_bg_x_tablet&quot;:&quot;&quot;,&quot;jet_parallax_layout_bg_x_mobile&quot;:&quot;&quot;,&quot;jet_parallax_layout_bg_y&quot;:50,&quot;jet_parallax_layout_bg_y_tablet&quot;:&quot;&quot;,&quot;jet_parallax_layout_bg_y_mobile&quot;:&quot;&quot;,&quot;jet_parallax_layout_bg_size&quot;:&quot;auto&quot;,&quot;jet_parallax_layout_bg_size_tablet&quot;:&quot;&quot;,&quot;jet_parallax_layout_bg_size_mobile&quot;:&quot;&quot;,&quot;jet_parallax_layout_animation_prop&quot;:&quot;transform&quot;,&quot;jet_parallax_layout_on&quot;:[&quot;desktop&quot;,&quot;tablet&quot;]}]}\">\n\t\t\t\t\t\t<div class=\"elementor-container elementor-column-gap-default\">\n\t\t\t\t\t<div class=\"elementor-column elementor-col-100 elementor-top-column elementor-element elementor-element-d2c2c53\" data-id=\"d2c2c53\" data-element_type=\"column\">\n\t\t\t<div class=\"elementor-widget-wrap elementor-element-populated\">\n\t\t\t\t\t\t<div class=\"elementor-element elementor-element-4bc9545 elementor-widget elementor-widget-heading\" data-id=\"4bc9545\" data-element_type=\"widget\" data-widget_type=\"heading.default\">\n\t\t\t\t<div class=\"elementor-widget-container\">\n\t\t\t\t\t<h4 class=\"elementor-heading-title elementor-size-default\">DESCRIPCION<\/h4>\t\t\t\t<\/div>\n\t\t\t\t<\/div>\n\t\t\t\t<div class=\"elementor-element elementor-element-8843c02 elementor-widget elementor-widget-text-editor\" data-id=\"8843c02\" data-element_type=\"widget\" data-widget_type=\"text-editor.default\">\n\t\t\t\t<div class=\"elementor-widget-container\">\n\t\t\t\t\t\t\t\t\t<p>Sal de los tours comunes y danos encuentro a las 2:00pm en STEAKHOUSE (dentro del restaurante en la Calle Murillo &#8211; Frente a las gradas de la calle Tarija) para acompa\u00f1arnos en una aventura extendida por la ciudad de La Paz! Nuestros gu\u00edas te llevaran a los lugares no tan frecuentados pero bastante ricos en historia y cultura, un tour m\u00e1s extenso donde podr\u00e1s visitar nuestro cementerio local, la estaci\u00f3n del telef\u00e9rico rojo, el mercado de pulgas m\u00e1s grande de Sudam\u00e9rica y una versi\u00f3n diferente del mercado de brujas y apreciaras una de las tantas tradiciones que tenemos en la ciudad.<\/p><p>NOTA: Los tours de los jueves y domingos tambi\u00e9n incluyen una r\u00e1pida visita al enorme mercado, y podemos llevarte a presenciar la famosa Lucha de Cholitas por un costo adicional. Recomendamos\u00a0 hacer estas divertidas actividades. Si los clientes deciden solo hacer el Tour Extendido en estos d\u00edas, el gu\u00eda deber\u00e1 llevar a todo el grupo a la Lucha de Cholitas antes de ayudar a regresar a la ciudad a aquellos que no hagan ambas actividades.<\/p>\t\t\t\t\t\t\t\t<\/div>\n\t\t\t\t<\/div>\n\t\t\t\t<div class=\"elementor-element elementor-element-405e650 elementor-tabs-view-horizontal elementor-widget elementor-widget-tabs\" data-id=\"405e650\" data-element_type=\"widget\" data-widget_type=\"tabs.default\">\n\t\t\t\t<div class=\"elementor-widget-container\">\n\t\t\t\t\t\t\t<div class=\"elementor-tabs\">\n\t\t\t<div class=\"elementor-tabs-wrapper\" role=\"tablist\" >\n\t\t\t\t\t\t\t\t\t<div id=\"elementor-tab-title-6741\" class=\"elementor-tab-title elementor-tab-desktop-title\" aria-selected=\"true\" data-tab=\"1\" role=\"tab\" tabindex=\"0\" aria-controls=\"elementor-tab-content-6741\" aria-expanded=\"false\">DESTACADO<\/div>\n\t\t\t\t\t\t\t\t\t<div id=\"elementor-tab-title-6742\" class=\"elementor-tab-title elementor-tab-desktop-title\" aria-selected=\"false\" data-tab=\"2\" role=\"tab\" tabindex=\"-1\" aria-controls=\"elementor-tab-content-6742\" aria-expanded=\"false\">ITINERARIO<\/div>\n\t\t\t\t\t\t\t<\/div>\n\t\t\t<div class=\"elementor-tabs-content-wrapper\" role=\"tablist\" aria-orientation=\"vertical\">\n\t\t\t\t\t\t\t\t\t<div class=\"elementor-tab-title elementor-tab-mobile-title\" aria-selected=\"true\" data-tab=\"1\" role=\"tab\" tabindex=\"0\" aria-controls=\"elementor-tab-content-6741\" aria-expanded=\"false\">DESTACADO<\/div>\n\t\t\t\t\t<div id=\"elementor-tab-content-6741\" class=\"elementor-tab-content elementor-clearfix\" data-tab=\"1\" role=\"tabpanel\" aria-labelledby=\"elementor-tab-title-6741\" tabindex=\"0\" hidden=\"false\"><ul><li>Visitar puntos incre\u00edbles y fuera de lo com\u00fan.<\/li><li>Explore la verdadera La Paz que pocos conocen.<\/li><li>Aprender a tomar transporte local y disfrutar del Telef\u00e9rico<\/li><li>Conoce a un Yatiri local (Shaman) y si quieres, haz leer tu fortuna en hojas de coca (Si el tiempo lo permite &#8211; No Incluye)<\/li><li>Incre\u00edbles vistaS<\/li><li>Jueves y Domingo visitan el gigantesco mercado negro<\/li><\/ul><\/div>\n\t\t\t\t\t\t\t\t\t<div class=\"elementor-tab-title elementor-tab-mobile-title\" aria-selected=\"false\" data-tab=\"2\" role=\"tab\" tabindex=\"-1\" aria-controls=\"elementor-tab-content-6742\" aria-expanded=\"false\">ITINERARIO<\/div>\n\t\t\t\t\t<div id=\"elementor-tab-content-6742\" class=\"elementor-tab-content elementor-clearfix\" data-tab=\"2\" role=\"tabpanel\" aria-labelledby=\"elementor-tab-title-6742\" tabindex=\"0\" hidden=\"hidden\"><p>Encuentranos todos los d\u00edas a las 2:00 pm en STEAKHOUSE (dentro del restaurante en la Calle Murillo &#8211; Frente a las gradas de la calle Tarija) para esta incre\u00edble excursi\u00f3n de medio d\u00eda. Aprenda a tomar transporte local mientras nos dirigimos hacia la ciudad tradicional y m\u00e1s creciente de Bolivia, El Alto. Paramos en el camino en el distrito del cementerio donde aprendemos sobre la cultura local, visite las tumbas famosas y aprender historias de fantasmas locales. Despu\u00e9s tomamos el telef\u00e9rico para llegar al aut\u00e9ntico mercado de brujas, donde la gente todav\u00eda va a menudo para hacer hechizos y ceremonias. Conozca a un Yatiri (Chaman) local y si desea obtener su fortuna leer en hojas de coca (Si el tiempo lo permite &#8211; No Incluye). Luego nos dirigiremos hacia un bello mirador donde podremos tomar fotos incre\u00edbles del valle de La Paz con el magn\u00edfico Illimani en el fondo.<\/p><p>Los jueves y domingos tambi\u00e9n exploramos el mercado negro masivo. Y por un costo extra que visitar el Cholita&#8217;s Wrestling (Lucha Libre de las Cholitas).<\/p><\/div>\n\t\t\t\t\t\t\t<\/div>\n\t\t<\/div>\n\t\t\t\t\t\t<\/div>\n\t\t\t\t<\/div>\n\t\t\t\t<div class=\"elementor-element elementor-element-d5826e5 elementor-align-center elementor-hidden-phone elementor-widget elementor-widget-button\" data-id=\"d5826e5\" data-element_type=\"widget\" data-widget_type=\"button.default\">\n\t\t\t\t<div class=\"elementor-widget-container\">\n\t\t\t\t\t\t\t\t\t<div class=\"elementor-button-wrapper\">\n\t\t\t\t\t<a class=\"elementor-button elementor-button-link elementor-size-sm elementor-animation-grow\" href=\"#elementor-action%3Aaction%3Dpopup%3Aopen%26settings%3DeyJpZCI6Ijc1OCIsInRvZ2dsZSI6ZmFsc2V9\">\n\t\t\t\t\t\t<span class=\"elementor-button-content-wrapper\">\n\t\t\t\t\t\t\t\t\t<span class=\"elementor-button-text\">RESERVA AHORA<\/span>\n\t\t\t\t\t<\/span>\n\t\t\t\t\t<\/a>\n\t\t\t\t<\/div>\n\t\t\t\t\t\t\t\t<\/div>\n\t\t\t\t<\/div>\n\t\t\t\t<div class=\"elementor-element elementor-element-dffa8e2 elementor-widget elementor-widget-heading\" data-id=\"dffa8e2\" data-element_type=\"widget\" data-widget_type=\"heading.default\">\n\t\t\t\t<div class=\"elementor-widget-container\">\n\t\t\t\t\t<h4 class=\"elementor-heading-title elementor-size-default\">Mira m\u00e1s de cerca<\/h4>\t\t\t\t<\/div>\n\t\t\t\t<\/div>\n\t\t\t\t<div class=\"elementor-element elementor-element-638819f gallery-spacing-custom elementor-widget elementor-widget-image-gallery\" data-id=\"638819f\" data-element_type=\"widget\" data-widget_type=\"image-gallery.default\">\n\t\t\t\t<div class=\"elementor-widget-container\">\n\t\t\t\t\t\t\t<div class=\"elementor-image-gallery\">\n\t\t\t<div id='gallery-1' class='gallery galleryid-1284 gallery-columns-3 gallery-size-full'><figure class='gallery-item'>\n\t\t\t<div class='gallery-icon landscape'>\n\t\t\t\t<img fetchpriority=\"high\" decoding=\"async\" width=\"900\" height=\"600\" src=\"https:\/\/redcapwalkingtours.com\/wp-content\/uploads\/Extended-Cable-Car-City-Tour-1.jpg\" class=\"attachment-full size-full\" alt=\"\" srcset=\"https:\/\/redcapwalkingtours.com\/wp-content\/uploads\/Extended-Cable-Car-City-Tour-1.jpg 900w, https:\/\/redcapwalkingtours.com\/wp-content\/uploads\/Extended-Cable-Car-City-Tour-1-300x200.jpg 300w, https:\/\/redcapwalkingtours.com\/wp-content\/uploads\/Extended-Cable-Car-City-Tour-1-768x512.jpg 768w\" sizes=\"(max-width: 900px) 100vw, 900px\" \/>\n\t\t\t<\/div><\/figure><figure class='gallery-item'>\n\t\t\t<div class='gallery-icon landscape'>\n\t\t\t\t<img decoding=\"async\" width=\"900\" height=\"600\" src=\"https:\/\/redcapwalkingtours.com\/wp-content\/uploads\/Extended-Cable-Car-City-Tour-3.jpg\" class=\"attachment-full size-full\" alt=\"\" srcset=\"https:\/\/redcapwalkingtours.com\/wp-content\/uploads\/Extended-Cable-Car-City-Tour-3.jpg 900w, https:\/\/redcapwalkingtours.com\/wp-content\/uploads\/Extended-Cable-Car-City-Tour-3-300x200.jpg 300w, https:\/\/redcapwalkingtours.com\/wp-content\/uploads\/Extended-Cable-Car-City-Tour-3-768x512.jpg 768w\" sizes=\"(max-width: 900px) 100vw, 900px\" \/>\n\t\t\t<\/div><\/figure><figure class='gallery-item'>\n\t\t\t<div class='gallery-icon landscape'>\n\t\t\t\t<img decoding=\"async\" width=\"900\" height=\"600\" src=\"https:\/\/redcapwalkingtours.com\/wp-content\/uploads\/Extended-Cable-Car-City-Tour-4.jpg\" class=\"attachment-full size-full\" alt=\"\" srcset=\"https:\/\/redcapwalkingtours.com\/wp-content\/uploads\/Extended-Cable-Car-City-Tour-4.jpg 900w, https:\/\/redcapwalkingtours.com\/wp-content\/uploads\/Extended-Cable-Car-City-Tour-4-300x200.jpg 300w, https:\/\/redcapwalkingtours.com\/wp-content\/uploads\/Extended-Cable-Car-City-Tour-4-768x512.jpg 768w\" sizes=\"(max-width: 900px) 100vw, 900px\" \/>\n\t\t\t<\/div><\/figure><figure class='gallery-item'>\n\t\t\t<div class='gallery-icon landscape'>\n\t\t\t\t<img loading=\"lazy\" decoding=\"async\" width=\"900\" height=\"600\" src=\"https:\/\/redcapwalkingtours.com\/wp-content\/uploads\/Extended-Cable-Car-City-Tour-5.jpg\" class=\"attachment-full size-full\" alt=\"\" srcset=\"https:\/\/redcapwalkingtours.com\/wp-content\/uploads\/Extended-Cable-Car-City-Tour-5.jpg 900w, https:\/\/redcapwalkingtours.com\/wp-content\/uploads\/Extended-Cable-Car-City-Tour-5-300x200.jpg 300w, https:\/\/redcapwalkingtours.com\/wp-content\/uploads\/Extended-Cable-Car-City-Tour-5-768x512.jpg 768w\" sizes=\"(max-width: 900px) 100vw, 900px\" \/>\n\t\t\t<\/div><\/figure><figure class='gallery-item'>\n\t\t\t<div class='gallery-icon landscape'>\n\t\t\t\t<img loading=\"lazy\" decoding=\"async\" width=\"900\" height=\"600\" src=\"https:\/\/redcapwalkingtours.com\/wp-content\/uploads\/Extended-Cable-Car-City-Tour-6.jpg\" class=\"attachment-full size-full\" alt=\"\" srcset=\"https:\/\/redcapwalkingtours.com\/wp-content\/uploads\/Extended-Cable-Car-City-Tour-6.jpg 900w, https:\/\/redcapwalkingtours.com\/wp-content\/uploads\/Extended-Cable-Car-City-Tour-6-300x200.jpg 300w, https:\/\/redcapwalkingtours.com\/wp-content\/uploads\/Extended-Cable-Car-City-Tour-6-768x512.jpg 768w\" sizes=\"(max-width: 900px) 100vw, 900px\" \/>\n\t\t\t<\/div><\/figure><figure class='gallery-item'>\n\t\t\t<div class='gallery-icon landscape'>\n\t\t\t\t<img loading=\"lazy\" decoding=\"async\" width=\"900\" height=\"600\" src=\"https:\/\/redcapwalkingtours.com\/wp-content\/uploads\/Extended-Cable-Car-City-Tour-7.jpg\" class=\"attachment-full size-full\" alt=\"\" srcset=\"https:\/\/redcapwalkingtours.com\/wp-content\/uploads\/Extended-Cable-Car-City-Tour-7.jpg 900w, https:\/\/redcapwalkingtours.com\/wp-content\/uploads\/Extended-Cable-Car-City-Tour-7-300x200.jpg 300w, https:\/\/redcapwalkingtours.com\/wp-content\/uploads\/Extended-Cable-Car-City-Tour-7-768x512.jpg 768w\" sizes=\"(max-width: 900px) 100vw, 900px\" \/>\n\t\t\t<\/div><\/figure><figure class='gallery-item'>\n\t\t\t<div class='gallery-icon landscape'>\n\t\t\t\t<img loading=\"lazy\" decoding=\"async\" width=\"900\" height=\"600\" src=\"https:\/\/redcapwalkingtours.com\/wp-content\/uploads\/Extended-Cable-Car-City-Tour-8.jpg\" class=\"attachment-full size-full\" alt=\"\" srcset=\"https:\/\/redcapwalkingtours.com\/wp-content\/uploads\/Extended-Cable-Car-City-Tour-8.jpg 900w, https:\/\/redcapwalkingtours.com\/wp-content\/uploads\/Extended-Cable-Car-City-Tour-8-300x200.jpg 300w, https:\/\/redcapwalkingtours.com\/wp-content\/uploads\/Extended-Cable-Car-City-Tour-8-768x512.jpg 768w\" sizes=\"(max-width: 900px) 100vw, 900px\" \/>\n\t\t\t<\/div><\/figure><figure class='gallery-item'>\n\t\t\t<div class='gallery-icon landscape'>\n\t\t\t\t<img loading=\"lazy\" decoding=\"async\" width=\"900\" height=\"600\" src=\"https:\/\/redcapwalkingtours.com\/wp-content\/uploads\/Extended-Cable-Car-City-Tour-9.jpg\" class=\"attachment-full size-full\" alt=\"\" srcset=\"https:\/\/redcapwalkingtours.com\/wp-content\/uploads\/Extended-Cable-Car-City-Tour-9.jpg 900w, https:\/\/redcapwalkingtours.com\/wp-content\/uploads\/Extended-Cable-Car-City-Tour-9-300x200.jpg 300w, https:\/\/redcapwalkingtours.com\/wp-content\/uploads\/Extended-Cable-Car-City-Tour-9-768x512.jpg 768w\" sizes=\"(max-width: 900px) 100vw, 900px\" \/>\n\t\t\t<\/div><\/figure><figure class='gallery-item'>\n\t\t\t<div class='gallery-icon landscape'>\n\t\t\t\t<img loading=\"lazy\" decoding=\"async\" width=\"900\" height=\"600\" src=\"https:\/\/redcapwalkingtours.com\/wp-content\/uploads\/Extended-Cable-Car-City-Tour-11.jpg\" class=\"attachment-full size-full\" alt=\"\" srcset=\"https:\/\/redcapwalkingtours.com\/wp-content\/uploads\/Extended-Cable-Car-City-Tour-11.jpg 900w, https:\/\/redcapwalkingtours.com\/wp-content\/uploads\/Extended-Cable-Car-City-Tour-11-300x200.jpg 300w, https:\/\/redcapwalkingtours.com\/wp-content\/uploads\/Extended-Cable-Car-City-Tour-11-768x512.jpg 768w\" sizes=\"(max-width: 900px) 100vw, 900px\" \/>\n\t\t\t<\/div><\/figure>\n\t\t<\/div>\n\t\t<\/div>\n\t\t\t\t\t\t<\/div>\n\t\t\t\t<\/div>\n\t\t\t\t<div class=\"elementor-element elementor-element-bc54e69 elementor-hidden-phone elementor-widget elementor-widget-html\" data-id=\"bc54e69\" data-element_type=\"widget\" data-widget_type=\"html.default\">\n\t\t\t\t<div class=\"elementor-widget-container\">\n\t\t\t\t\t<center><script src=\"https:\/\/bw.trekksoft.com\/loader.js\" async data-owner=\"trekksoft\" data-type=\"activity-booking\" data-id=\"27877\" data-client-id=\"BOOKIE-5fcde6a416ca54e51b9ceb4a8\" data-token=\"047d011cc3ea01438849f6b44630e5d2b47d229f707c6ff2\" data-language=\"en\" data-agent-code=\"agent-21794\" data-element=\"embed\" data-width=\"600px\" data-height=\"800px\"><\/script><\/center>\t\t\t\t<\/div>\n\t\t\t\t<\/div>\n\t\t\t\t<div class=\"elementor-element elementor-element-8e6558e elementor-align-center elementor-mobile-align-center elementor-hidden-desktop elementor-hidden-tablet elementor-widget elementor-widget-button\" data-id=\"8e6558e\" data-element_type=\"widget\" data-settings=\"{&quot;sticky&quot;:&quot;bottom&quot;,&quot;sticky_on&quot;:[&quot;mobile&quot;],&quot;sticky_offset&quot;:0,&quot;sticky_effects_offset&quot;:0,&quot;sticky_anchor_link_offset&quot;:0}\" data-widget_type=\"button.default\">\n\t\t\t\t<div class=\"elementor-widget-container\">\n\t\t\t\t\t\t\t\t\t<div class=\"elementor-button-wrapper\">\n\t\t\t\t\t<a class=\"elementor-button elementor-button-link elementor-size-sm elementor-animation-grow\" href=\"#elementor-action%3Aaction%3Dpopup%3Aopen%26settings%3DeyJpZCI6Ijc1OCIsInRvZ2dsZSI6ZmFsc2V9\">\n\t\t\t\t\t\t<span class=\"elementor-button-content-wrapper\">\n\t\t\t\t\t\t\t\t\t<span class=\"elementor-button-text\">RESERVA AHORA<\/span>\n\t\t\t\t\t<\/span>\n\t\t\t\t\t<\/a>\n\t\t\t\t<\/div>\n\t\t\t\t\t\t\t\t<\/div>\n\t\t\t\t<\/div>\n\t\t\t\t\t<\/div>\n\t\t<\/div>\n\t\t\t\t\t<\/div>\n\t\t<\/section>\n\t\t\t\t<\/div>\n\t\t","protected":false},"excerpt":{"rendered":"<p>Tours Sal de los tours comunes y danos encuentro a las 2:00pm en el RESTAURANTE STEAKHOUSE (Calle Murillo, esq. Tarija), para acompa\u00f1arnos en una aventura extendida por la ciudad de La Paz! RESERVA AHORA DESCRIPCION Sal de los tours comunes y danos encuentro a las 2:00pm en STEAKHOUSE (dentro del restaurante en la Calle Murillo [&hellip;]<\/p>\n","protected":false},"author":1,"featured_media":1304,"parent":1023,"menu_order":0,"comment_status":"closed","ping_status":"closed","template":"elementor_header_footer","meta":{"_monsterinsights_skip_tracking":false,"_monsterinsights_sitenote_active":false,"_monsterinsights_sitenote_note":"","_monsterinsights_sitenote_category":0,"_joinchat":[],"footnotes":""},"class_list":["post-1284","page","type-page","status-publish","has-post-thumbnail","hentry"],"_links":{"self":[{"href":"https:\/\/redcapwalkingtours.com\/es\/wp-json\/wp\/v2\/pages\/1284","targetHints":{"allow":["GET"]}}],"collection":[{"href":"https:\/\/redcapwalkingtours.com\/es\/wp-json\/wp\/v2\/pages"}],"about":[{"href":"https:\/\/redcapwalkingtours.com\/es\/wp-json\/wp\/v2\/types\/page"}],"author":[{"embeddable":true,"href":"https:\/\/redcapwalkingtours.com\/es\/wp-json\/wp\/v2\/users\/1"}],"replies":[{"embeddable":true,"href":"https:\/\/redcapwalkingtours.com\/es\/wp-json\/wp\/v2\/comments?post=1284"}],"version-history":[{"count":10,"href":"https:\/\/redcapwalkingtours.com\/es\/wp-json\/wp\/v2\/pages\/1284\/revisions"}],"predecessor-version":[{"id":1826,"href":"https:\/\/redcapwalkingtours.com\/es\/wp-json\/wp\/v2\/pages\/1284\/revisions\/1826"}],"up":[{"embeddable":true,"href":"https:\/\/redcapwalkingtours.com\/es\/wp-json\/wp\/v2\/pages\/1023"}],"wp:featuredmedia":[{"embeddable":true,"href":"https:\/\/redcapwalkingtours.com\/es\/wp-json\/wp\/v2\/media\/1304"}],"wp:attachment":[{"href":"https:\/\/redcapwalkingtours.com\/es\/wp-json\/wp\/v2\/media?parent=1284"}],"curies":[{"name":"wp","href":"https:\/\/api.w.org\/{rel}","templated":true}]}}