{"id":1252,"date":"2021-06-29T20:06:07","date_gmt":"2021-06-30T00:06:07","guid":{"rendered":"https:\/\/redcapwalkingtours.com\/tours\/cholita-lucha-libre\/"},"modified":"2022-07-26T14:07:46","modified_gmt":"2022-07-26T18:07:46","slug":"cholita-lucha-libre","status":"publish","type":"page","link":"https:\/\/redcapwalkingtours.com\/es\/tours\/cholita-lucha-libre\/","title":{"rendered":"Cholita Lucha Libre"},"content":{"rendered":"\t\t<div data-elementor-type=\"wp-page\" data-elementor-id=\"1252\" class=\"elementor elementor-1252\" data-elementor-post-type=\"page\">\n\t\t\t\t\t\t<section class=\"elementor-section elementor-top-section elementor-element elementor-element-f24bc68 elementor-section-height-min-height elementor-section-content-middle elementor-section-boxed elementor-section-height-default elementor-section-items-middle\" data-id=\"f24bc68\" data-element_type=\"section\" data-settings=\"{&quot;background_background&quot;:&quot;classic&quot;,&quot;jet_parallax_layout_list&quot;:[{&quot;_id&quot;:&quot;9d86151&quot;,&quot;jet_parallax_layout_image&quot;:{&quot;url&quot;:&quot;&quot;,&quot;id&quot;:&quot;&quot;,&quot;size&quot;:&quot;&quot;},&quot;jet_parallax_layout_image_tablet&quot;:{&quot;url&quot;:&quot;&quot;,&quot;id&quot;:&quot;&quot;,&quot;size&quot;:&quot;&quot;},&quot;jet_parallax_layout_image_mobile&quot;:{&quot;url&quot;:&quot;&quot;,&quot;id&quot;:&quot;&quot;,&quot;size&quot;:&quot;&quot;},&quot;jet_parallax_layout_speed&quot;:{&quot;unit&quot;:&quot;%&quot;,&quot;size&quot;:50,&quot;sizes&quot;:[]},&quot;jet_parallax_layout_type&quot;:&quot;scroll&quot;,&quot;jet_parallax_layout_direction&quot;:null,&quot;jet_parallax_layout_fx_direction&quot;:null,&quot;jet_parallax_layout_z_index&quot;:&quot;&quot;,&quot;jet_parallax_layout_bg_x&quot;:50,&quot;jet_parallax_layout_bg_x_tablet&quot;:&quot;&quot;,&quot;jet_parallax_layout_bg_x_mobile&quot;:&quot;&quot;,&quot;jet_parallax_layout_bg_y&quot;:50,&quot;jet_parallax_layout_bg_y_tablet&quot;:&quot;&quot;,&quot;jet_parallax_layout_bg_y_mobile&quot;:&quot;&quot;,&quot;jet_parallax_layout_bg_size&quot;:&quot;auto&quot;,&quot;jet_parallax_layout_bg_size_tablet&quot;:&quot;&quot;,&quot;jet_parallax_layout_bg_size_mobile&quot;:&quot;&quot;,&quot;jet_parallax_layout_animation_prop&quot;:&quot;transform&quot;,&quot;jet_parallax_layout_on&quot;:[&quot;desktop&quot;,&quot;tablet&quot;]}]}\">\n\t\t\t\t\t\t\t<div class=\"elementor-background-overlay\"><\/div>\n\t\t\t\t\t\t\t<div class=\"elementor-container elementor-column-gap-default\">\n\t\t\t\t\t<div class=\"elementor-column elementor-col-100 elementor-top-column elementor-element elementor-element-3edc94c\" data-id=\"3edc94c\" data-element_type=\"column\">\n\t\t\t<div class=\"elementor-widget-wrap elementor-element-populated\">\n\t\t\t\t\t\t<div class=\"elementor-element elementor-element-2e8f73c elementor-widget elementor-widget-heading\" data-id=\"2e8f73c\" data-element_type=\"widget\" data-widget_type=\"heading.default\">\n\t\t\t\t<div class=\"elementor-widget-container\">\n\t\t\t\t\t<h5 class=\"elementor-heading-title elementor-size-default\">Tours<\/h5>\t\t\t\t<\/div>\n\t\t\t\t<\/div>\n\t\t\t\t<div class=\"elementor-element elementor-element-41d2f3d elementor-widget elementor-widget-text-editor\" data-id=\"41d2f3d\" data-element_type=\"widget\" data-widget_type=\"text-editor.default\">\n\t\t\t\t<div class=\"elementor-widget-container\">\n\t\t\t\t\t\t\t\t\t<p>El \u00fanico lugar en el mundo donde se puede ver Lucha Libre (o WWF) donde las mujeres vestidas con atuendos tradicionales ponen un gran espect\u00e1culo para los lugare\u00f1os y viajeros por igual!<\/p>\n\t\t\t\t\t\t\t\t<\/div>\n\t\t\t\t<\/div>\n\t\t\t\t<div class=\"elementor-element elementor-element-bdbf087 elementor-hidden-phone elementor-widget elementor-widget-button\" data-id=\"bdbf087\" data-element_type=\"widget\" data-widget_type=\"button.default\">\n\t\t\t\t<div class=\"elementor-widget-container\">\n\t\t\t\t\t\t\t\t\t<div class=\"elementor-button-wrapper\">\n\t\t\t\t\t<a class=\"elementor-button elementor-button-link elementor-size-sm elementor-animation-grow\" href=\"#elementor-action%3Aaction%3Dpopup%3Aopen%26settings%3DeyJpZCI6IjcyMyIsInRvZ2dsZSI6ZmFsc2V9\">\n\t\t\t\t\t\t<span class=\"elementor-button-content-wrapper\">\n\t\t\t\t\t\t\t\t\t<span class=\"elementor-button-text\">RESERVA AHORA<\/span>\n\t\t\t\t\t<\/span>\n\t\t\t\t\t<\/a>\n\t\t\t\t<\/div>\n\t\t\t\t\t\t\t\t<\/div>\n\t\t\t\t<\/div>\n\t\t\t\t\t<\/div>\n\t\t<\/div>\n\t\t\t\t\t<\/div>\n\t\t<\/section>\n\t\t\t\t<section class=\"elementor-section elementor-top-section elementor-element elementor-element-c910346 elementor-section-boxed elementor-section-height-default elementor-section-height-default\" data-id=\"c910346\" data-element_type=\"section\" data-settings=\"{&quot;jet_parallax_layout_list&quot;:[{&quot;_id&quot;:&quot;d172b35&quot;,&quot;jet_parallax_layout_image&quot;:{&quot;url&quot;:&quot;&quot;,&quot;id&quot;:&quot;&quot;,&quot;size&quot;:&quot;&quot;},&quot;jet_parallax_layout_image_tablet&quot;:{&quot;url&quot;:&quot;&quot;,&quot;id&quot;:&quot;&quot;,&quot;size&quot;:&quot;&quot;},&quot;jet_parallax_layout_image_mobile&quot;:{&quot;url&quot;:&quot;&quot;,&quot;id&quot;:&quot;&quot;,&quot;size&quot;:&quot;&quot;},&quot;jet_parallax_layout_speed&quot;:{&quot;unit&quot;:&quot;%&quot;,&quot;size&quot;:50,&quot;sizes&quot;:[]},&quot;jet_parallax_layout_type&quot;:&quot;scroll&quot;,&quot;jet_parallax_layout_direction&quot;:null,&quot;jet_parallax_layout_fx_direction&quot;:null,&quot;jet_parallax_layout_z_index&quot;:&quot;&quot;,&quot;jet_parallax_layout_bg_x&quot;:50,&quot;jet_parallax_layout_bg_x_tablet&quot;:&quot;&quot;,&quot;jet_parallax_layout_bg_x_mobile&quot;:&quot;&quot;,&quot;jet_parallax_layout_bg_y&quot;:50,&quot;jet_parallax_layout_bg_y_tablet&quot;:&quot;&quot;,&quot;jet_parallax_layout_bg_y_mobile&quot;:&quot;&quot;,&quot;jet_parallax_layout_bg_size&quot;:&quot;auto&quot;,&quot;jet_parallax_layout_bg_size_tablet&quot;:&quot;&quot;,&quot;jet_parallax_layout_bg_size_mobile&quot;:&quot;&quot;,&quot;jet_parallax_layout_animation_prop&quot;:&quot;transform&quot;,&quot;jet_parallax_layout_on&quot;:[&quot;desktop&quot;,&quot;tablet&quot;]}]}\">\n\t\t\t\t\t\t<div class=\"elementor-container elementor-column-gap-default\">\n\t\t\t\t\t<div class=\"elementor-column elementor-col-100 elementor-top-column elementor-element elementor-element-ac67ad8\" data-id=\"ac67ad8\" data-element_type=\"column\">\n\t\t\t<div class=\"elementor-widget-wrap elementor-element-populated\">\n\t\t\t\t\t\t<div class=\"elementor-element elementor-element-112c42e elementor-widget elementor-widget-heading\" data-id=\"112c42e\" data-element_type=\"widget\" data-widget_type=\"heading.default\">\n\t\t\t\t<div class=\"elementor-widget-container\">\n\t\t\t\t\t<h4 class=\"elementor-heading-title elementor-size-default\">DESCRIPCION<\/h4>\t\t\t\t<\/div>\n\t\t\t\t<\/div>\n\t\t\t\t<div class=\"elementor-element elementor-element-d31494d elementor-widget elementor-widget-text-editor\" data-id=\"d31494d\" data-element_type=\"widget\" data-widget_type=\"text-editor.default\">\n\t\t\t\t<div class=\"elementor-widget-container\">\n\t\t\t\t\t\t\t\t\t<p>El \u00fanico lugar en el mundo donde se puede ver Lucha Libre (o WWF) donde las mujeres vestidas con atuendos tradicionales ponen un gran espect\u00e1culo para los lugare\u00f1os y viajeros por igual! Este interesante espect\u00e1culo, en el que las acrobacias de alto vuelo se enfrentan al espect\u00e1culo con fuerza real, es cada jueves y domingo por la tarde\/noche. Incluye transporte hacia y desde el centro de la ciudad, gu\u00eda biling\u00fce, y entrada al show de 2 horas. \u00a1No pierdas la oportunidad de ver esto!<\/p><p>Tenga en cuenta esta opci\u00f3n no incluye el recorrido prolongado con el tour en teleferico, que se lo recomendamos de antemano.<\/p><p>IMPORTANTE: Al hacer la reserva, debe informarnos el punto de recojo. Y el coliseo donde hacen la actividad es frio, llevan jaqueta!<\/p><p>NOTA: Este tour no es operado por Red Cap. Pero nosotros lo vendemos en el mejor precio y ayudamos coordinar el recojo.<\/p>\t\t\t\t\t\t\t\t<\/div>\n\t\t\t\t<\/div>\n\t\t\t\t<div class=\"elementor-element elementor-element-d7546e2 elementor-tabs-view-horizontal elementor-widget elementor-widget-tabs\" data-id=\"d7546e2\" data-element_type=\"widget\" data-widget_type=\"tabs.default\">\n\t\t\t\t<div class=\"elementor-widget-container\">\n\t\t\t\t\t\t\t<div class=\"elementor-tabs\">\n\t\t\t<div class=\"elementor-tabs-wrapper\" role=\"tablist\" >\n\t\t\t\t\t\t\t\t\t<div id=\"elementor-tab-title-2251\" class=\"elementor-tab-title elementor-tab-desktop-title\" aria-selected=\"true\" data-tab=\"1\" role=\"tab\" tabindex=\"0\" aria-controls=\"elementor-tab-content-2251\" aria-expanded=\"false\">DESTACADO<\/div>\n\t\t\t\t\t\t\t\t\t<div id=\"elementor-tab-title-2252\" class=\"elementor-tab-title elementor-tab-desktop-title\" aria-selected=\"false\" data-tab=\"2\" role=\"tab\" tabindex=\"-1\" aria-controls=\"elementor-tab-content-2252\" aria-expanded=\"false\">ITINERARIO<\/div>\n\t\t\t\t\t\t\t<\/div>\n\t\t\t<div class=\"elementor-tabs-content-wrapper\" role=\"tablist\" aria-orientation=\"vertical\">\n\t\t\t\t\t\t\t\t\t<div class=\"elementor-tab-title elementor-tab-mobile-title\" aria-selected=\"true\" data-tab=\"1\" role=\"tab\" tabindex=\"0\" aria-controls=\"elementor-tab-content-2251\" aria-expanded=\"false\">DESTACADO<\/div>\n\t\t\t\t\t<div id=\"elementor-tab-content-2251\" class=\"elementor-tab-content elementor-clearfix\" data-tab=\"1\" role=\"tabpanel\" aria-labelledby=\"elementor-tab-title-2251\" tabindex=\"0\" hidden=\"false\"><ul>\n<li>Un espect\u00e1culo diferente a cualquier otro!<\/li>\n<li>Transporte hacia y desde la ciudad.<\/li>\n<li>Gu\u00eda Biling\u00fce de Cholita Lucha Libre\n<\/li>\n<li>S\u00f3lo se puede ver aqu\u00ed!\n<\/li>\n<\/ul>\n<\/div>\n\t\t\t\t\t\t\t\t\t<div class=\"elementor-tab-title elementor-tab-mobile-title\" aria-selected=\"false\" data-tab=\"2\" role=\"tab\" tabindex=\"-1\" aria-controls=\"elementor-tab-content-2252\" aria-expanded=\"false\">ITINERARIO<\/div>\n\t\t\t\t\t<div id=\"elementor-tab-content-2252\" class=\"elementor-tab-content elementor-clearfix\" data-tab=\"2\" role=\"tabpanel\" aria-labelledby=\"elementor-tab-title-2252\" tabindex=\"0\" hidden=\"hidden\"><p>El espect\u00e1culo comienza a las 17:00. La recogida de los puntos centrales es DE 15:00 A 16:00.<\/p>\n<p>Lucha Libre de Cholitas dura alrededor de 1,5 a 2 horas. Despu\u00e9s del espect\u00e1culo, su transporte lo llevar\u00e1 al centro de la ciudad.<\/p>\n<p>IMPORTANTE: Al hacer la reserva, debe escoger el punto de recojo<\/p><\/div>\n\t\t\t\t\t\t\t<\/div>\n\t\t<\/div>\n\t\t\t\t\t\t<\/div>\n\t\t\t\t<\/div>\n\t\t\t\t<div class=\"elementor-element elementor-element-3cef181 elementor-align-center elementor-hidden-phone elementor-widget elementor-widget-button\" data-id=\"3cef181\" data-element_type=\"widget\" data-widget_type=\"button.default\">\n\t\t\t\t<div class=\"elementor-widget-container\">\n\t\t\t\t\t\t\t\t\t<div class=\"elementor-button-wrapper\">\n\t\t\t\t\t<a class=\"elementor-button elementor-button-link elementor-size-sm elementor-animation-grow\" href=\"#elementor-action%3Aaction%3Dpopup%3Aopen%26settings%3DeyJpZCI6IjcyMyIsInRvZ2dsZSI6ZmFsc2V9\">\n\t\t\t\t\t\t<span class=\"elementor-button-content-wrapper\">\n\t\t\t\t\t\t\t\t\t<span class=\"elementor-button-text\">RESERVA AHORA<\/span>\n\t\t\t\t\t<\/span>\n\t\t\t\t\t<\/a>\n\t\t\t\t<\/div>\n\t\t\t\t\t\t\t\t<\/div>\n\t\t\t\t<\/div>\n\t\t\t\t<div class=\"elementor-element elementor-element-f93c71f elementor-widget elementor-widget-heading\" data-id=\"f93c71f\" data-element_type=\"widget\" data-widget_type=\"heading.default\">\n\t\t\t\t<div class=\"elementor-widget-container\">\n\t\t\t\t\t<h4 class=\"elementor-heading-title elementor-size-default\">Mira m\u00e1s de cerca<\/h4>\t\t\t\t<\/div>\n\t\t\t\t<\/div>\n\t\t\t\t<div class=\"elementor-element elementor-element-0634e05 gallery-spacing-custom elementor-widget elementor-widget-image-gallery\" data-id=\"0634e05\" data-element_type=\"widget\" data-widget_type=\"image-gallery.default\">\n\t\t\t\t<div class=\"elementor-widget-container\">\n\t\t\t\t\t\t\t<div class=\"elementor-image-gallery\">\n\t\t\t<div id='gallery-1' class='gallery galleryid-1252 gallery-columns-3 gallery-size-full'><figure class='gallery-item'>\n\t\t\t<div class='gallery-icon landscape'>\n\t\t\t\t<img fetchpriority=\"high\" decoding=\"async\" width=\"900\" height=\"600\" src=\"https:\/\/redcapwalkingtours.com\/wp-content\/uploads\/Cholita-Wrestling-1.jpg\" class=\"attachment-full size-full\" alt=\"\" srcset=\"https:\/\/redcapwalkingtours.com\/wp-content\/uploads\/Cholita-Wrestling-1.jpg 900w, https:\/\/redcapwalkingtours.com\/wp-content\/uploads\/Cholita-Wrestling-1-300x200.jpg 300w, https:\/\/redcapwalkingtours.com\/wp-content\/uploads\/Cholita-Wrestling-1-768x512.jpg 768w\" sizes=\"(max-width: 900px) 100vw, 900px\" \/>\n\t\t\t<\/div><\/figure><figure class='gallery-item'>\n\t\t\t<div class='gallery-icon landscape'>\n\t\t\t\t<img decoding=\"async\" width=\"900\" height=\"600\" src=\"https:\/\/redcapwalkingtours.com\/wp-content\/uploads\/Cholita-Wrestling-2.jpg\" class=\"attachment-full size-full\" alt=\"\" srcset=\"https:\/\/redcapwalkingtours.com\/wp-content\/uploads\/Cholita-Wrestling-2.jpg 900w, https:\/\/redcapwalkingtours.com\/wp-content\/uploads\/Cholita-Wrestling-2-300x200.jpg 300w, https:\/\/redcapwalkingtours.com\/wp-content\/uploads\/Cholita-Wrestling-2-768x512.jpg 768w\" sizes=\"(max-width: 900px) 100vw, 900px\" \/>\n\t\t\t<\/div><\/figure><figure class='gallery-item'>\n\t\t\t<div class='gallery-icon landscape'>\n\t\t\t\t<img decoding=\"async\" width=\"900\" height=\"600\" src=\"https:\/\/redcapwalkingtours.com\/wp-content\/uploads\/Cholita-Wrestling-3.jpg\" class=\"attachment-full size-full\" alt=\"\" srcset=\"https:\/\/redcapwalkingtours.com\/wp-content\/uploads\/Cholita-Wrestling-3.jpg 900w, https:\/\/redcapwalkingtours.com\/wp-content\/uploads\/Cholita-Wrestling-3-300x200.jpg 300w, https:\/\/redcapwalkingtours.com\/wp-content\/uploads\/Cholita-Wrestling-3-768x512.jpg 768w\" sizes=\"(max-width: 900px) 100vw, 900px\" \/>\n\t\t\t<\/div><\/figure><figure class='gallery-item'>\n\t\t\t<div class='gallery-icon landscape'>\n\t\t\t\t<img loading=\"lazy\" decoding=\"async\" width=\"900\" height=\"600\" src=\"https:\/\/redcapwalkingtours.com\/wp-content\/uploads\/Cholita-Wrestling-5.jpg\" class=\"attachment-full size-full\" alt=\"\" srcset=\"https:\/\/redcapwalkingtours.com\/wp-content\/uploads\/Cholita-Wrestling-5.jpg 900w, https:\/\/redcapwalkingtours.com\/wp-content\/uploads\/Cholita-Wrestling-5-300x200.jpg 300w, https:\/\/redcapwalkingtours.com\/wp-content\/uploads\/Cholita-Wrestling-5-768x512.jpg 768w\" sizes=\"(max-width: 900px) 100vw, 900px\" \/>\n\t\t\t<\/div><\/figure><figure class='gallery-item'>\n\t\t\t<div class='gallery-icon landscape'>\n\t\t\t\t<img loading=\"lazy\" decoding=\"async\" width=\"900\" height=\"600\" src=\"https:\/\/redcapwalkingtours.com\/wp-content\/uploads\/Cholita-Wrestling-6.jpg\" class=\"attachment-full size-full\" alt=\"\" srcset=\"https:\/\/redcapwalkingtours.com\/wp-content\/uploads\/Cholita-Wrestling-6.jpg 900w, https:\/\/redcapwalkingtours.com\/wp-content\/uploads\/Cholita-Wrestling-6-300x200.jpg 300w, https:\/\/redcapwalkingtours.com\/wp-content\/uploads\/Cholita-Wrestling-6-768x512.jpg 768w\" sizes=\"(max-width: 900px) 100vw, 900px\" \/>\n\t\t\t<\/div><\/figure><figure class='gallery-item'>\n\t\t\t<div class='gallery-icon landscape'>\n\t\t\t\t<img loading=\"lazy\" decoding=\"async\" width=\"900\" height=\"600\" src=\"https:\/\/redcapwalkingtours.com\/wp-content\/uploads\/Cholita-Wrestling-7.jpg\" class=\"attachment-full size-full\" alt=\"\" srcset=\"https:\/\/redcapwalkingtours.com\/wp-content\/uploads\/Cholita-Wrestling-7.jpg 900w, https:\/\/redcapwalkingtours.com\/wp-content\/uploads\/Cholita-Wrestling-7-300x200.jpg 300w, https:\/\/redcapwalkingtours.com\/wp-content\/uploads\/Cholita-Wrestling-7-768x512.jpg 768w\" sizes=\"(max-width: 900px) 100vw, 900px\" \/>\n\t\t\t<\/div><\/figure><figure class='gallery-item'>\n\t\t\t<div class='gallery-icon landscape'>\n\t\t\t\t<img loading=\"lazy\" decoding=\"async\" width=\"900\" height=\"600\" src=\"https:\/\/redcapwalkingtours.com\/wp-content\/uploads\/Cholita-Wrestling-8.jpg\" class=\"attachment-full size-full\" alt=\"\" srcset=\"https:\/\/redcapwalkingtours.com\/wp-content\/uploads\/Cholita-Wrestling-8.jpg 900w, https:\/\/redcapwalkingtours.com\/wp-content\/uploads\/Cholita-Wrestling-8-300x200.jpg 300w, https:\/\/redcapwalkingtours.com\/wp-content\/uploads\/Cholita-Wrestling-8-768x512.jpg 768w\" sizes=\"(max-width: 900px) 100vw, 900px\" \/>\n\t\t\t<\/div><\/figure><figure class='gallery-item'>\n\t\t\t<div class='gallery-icon landscape'>\n\t\t\t\t<img loading=\"lazy\" decoding=\"async\" width=\"900\" height=\"600\" src=\"https:\/\/redcapwalkingtours.com\/wp-content\/uploads\/Cholita-Wrestling-9.jpg\" class=\"attachment-full size-full\" alt=\"\" srcset=\"https:\/\/redcapwalkingtours.com\/wp-content\/uploads\/Cholita-Wrestling-9.jpg 900w, https:\/\/redcapwalkingtours.com\/wp-content\/uploads\/Cholita-Wrestling-9-300x200.jpg 300w, https:\/\/redcapwalkingtours.com\/wp-content\/uploads\/Cholita-Wrestling-9-768x512.jpg 768w\" sizes=\"(max-width: 900px) 100vw, 900px\" \/>\n\t\t\t<\/div><\/figure>\n\t\t<\/div>\n\t\t<\/div>\n\t\t\t\t\t\t<\/div>\n\t\t\t\t<\/div>\n\t\t\t\t<div class=\"elementor-element elementor-element-79cf770 elementor-hidden-phone elementor-widget elementor-widget-html\" data-id=\"79cf770\" data-element_type=\"widget\" data-widget_type=\"html.default\">\n\t\t\t\t<div class=\"elementor-widget-container\">\n\t\t\t\t\t<center><script src=\"https:\/\/bw.trekksoft.com\/loader.js\" async data-owner=\"trekksoft\" data-type=\"activity-booking\" data-id=\"78024\" data-client-id=\"BOOKIE-5fcde6a416ca54e51b9ceb4a8\" data-token=\"047d011cc3ea01438849f6b44630e5d2b47d229f707c6ff2\" data-language=\"en\" data-agent-code=\"agent-21794\" data-element=\"embed\" data-width=\"600px\" data-height=\"800px\"><\/script><\/center>\t\t\t\t<\/div>\n\t\t\t\t<\/div>\n\t\t\t\t<div class=\"elementor-element elementor-element-b9d45c0 elementor-align-center elementor-mobile-align-center elementor-hidden-desktop elementor-hidden-tablet elementor-widget elementor-widget-button\" data-id=\"b9d45c0\" data-element_type=\"widget\" data-settings=\"{&quot;sticky&quot;:&quot;bottom&quot;,&quot;sticky_on&quot;:[&quot;mobile&quot;],&quot;sticky_offset&quot;:0,&quot;sticky_effects_offset&quot;:0,&quot;sticky_anchor_link_offset&quot;:0}\" data-widget_type=\"button.default\">\n\t\t\t\t<div class=\"elementor-widget-container\">\n\t\t\t\t\t\t\t\t\t<div class=\"elementor-button-wrapper\">\n\t\t\t\t\t<a class=\"elementor-button elementor-button-link elementor-size-sm elementor-animation-grow\" href=\"#elementor-action%3Aaction%3Dpopup%3Aopen%26settings%3DeyJpZCI6IjcyMyIsInRvZ2dsZSI6ZmFsc2V9\">\n\t\t\t\t\t\t<span class=\"elementor-button-content-wrapper\">\n\t\t\t\t\t\t\t\t\t<span class=\"elementor-button-text\">RESERVA AHORA<\/span>\n\t\t\t\t\t<\/span>\n\t\t\t\t\t<\/a>\n\t\t\t\t<\/div>\n\t\t\t\t\t\t\t\t<\/div>\n\t\t\t\t<\/div>\n\t\t\t\t\t<\/div>\n\t\t<\/div>\n\t\t\t\t\t<\/div>\n\t\t<\/section>\n\t\t\t\t<\/div>\n\t\t","protected":false},"excerpt":{"rendered":"<p>Tours El \u00fanico lugar en el mundo donde se puede ver Lucha Libre (o WWF) donde las mujeres vestidas con atuendos tradicionales ponen un gran espect\u00e1culo para los lugare\u00f1os y viajeros por igual! RESERVA AHORA DESCRIPCION El \u00fanico lugar en el mundo donde se puede ver Lucha Libre (o WWF) donde las mujeres vestidas con [&hellip;]<\/p>\n","protected":false},"author":1,"featured_media":1253,"parent":1023,"menu_order":0,"comment_status":"closed","ping_status":"closed","template":"elementor_header_footer","meta":{"_monsterinsights_skip_tracking":false,"_monsterinsights_sitenote_active":false,"_monsterinsights_sitenote_note":"","_monsterinsights_sitenote_category":0,"_joinchat":[],"footnotes":""},"class_list":["post-1252","page","type-page","status-publish","has-post-thumbnail","hentry"],"_links":{"self":[{"href":"https:\/\/redcapwalkingtours.com\/es\/wp-json\/wp\/v2\/pages\/1252","targetHints":{"allow":["GET"]}}],"collection":[{"href":"https:\/\/redcapwalkingtours.com\/es\/wp-json\/wp\/v2\/pages"}],"about":[{"href":"https:\/\/redcapwalkingtours.com\/es\/wp-json\/wp\/v2\/types\/page"}],"author":[{"embeddable":true,"href":"https:\/\/redcapwalkingtours.com\/es\/wp-json\/wp\/v2\/users\/1"}],"replies":[{"embeddable":true,"href":"https:\/\/redcapwalkingtours.com\/es\/wp-json\/wp\/v2\/comments?post=1252"}],"version-history":[{"count":10,"href":"https:\/\/redcapwalkingtours.com\/es\/wp-json\/wp\/v2\/pages\/1252\/revisions"}],"predecessor-version":[{"id":1606,"href":"https:\/\/redcapwalkingtours.com\/es\/wp-json\/wp\/v2\/pages\/1252\/revisions\/1606"}],"up":[{"embeddable":true,"href":"https:\/\/redcapwalkingtours.com\/es\/wp-json\/wp\/v2\/pages\/1023"}],"wp:featuredmedia":[{"embeddable":true,"href":"https:\/\/redcapwalkingtours.com\/es\/wp-json\/wp\/v2\/media\/1253"}],"wp:attachment":[{"href":"https:\/\/redcapwalkingtours.com\/es\/wp-json\/wp\/v2\/media?parent=1252"}],"curies":[{"name":"wp","href":"https:\/\/api.w.org\/{rel}","templated":true}]}}