{"id":1091,"date":"2021-06-15T09:50:41","date_gmt":"2021-06-15T13:50:41","guid":{"rendered":"https:\/\/redcapwalkingtours.com\/tours\/red-cap-walking-city-tour-la-paz\/"},"modified":"2023-05-08T11:03:24","modified_gmt":"2023-05-08T15:03:24","slug":"red-cap-tour-de-caminata-por-la-ciudad-de-la-paz","status":"publish","type":"page","link":"https:\/\/redcapwalkingtours.com\/es\/tours\/red-cap-tour-de-caminata-por-la-ciudad-de-la-paz\/","title":{"rendered":"Red Cap Tour de caminata por la ciudad de La Paz"},"content":{"rendered":"\t\t<div data-elementor-type=\"wp-page\" data-elementor-id=\"1091\" class=\"elementor elementor-1091\" data-elementor-post-type=\"page\">\n\t\t\t\t\t\t<section class=\"elementor-section elementor-top-section elementor-element elementor-element-1844e200 elementor-section-height-min-height elementor-section-content-middle elementor-section-boxed elementor-section-height-default elementor-section-items-middle\" data-id=\"1844e200\" data-element_type=\"section\" data-settings=\"{&quot;background_background&quot;:&quot;classic&quot;,&quot;jet_parallax_layout_list&quot;:[{&quot;_id&quot;:&quot;9d86151&quot;,&quot;jet_parallax_layout_image&quot;:{&quot;url&quot;:&quot;&quot;,&quot;id&quot;:&quot;&quot;,&quot;size&quot;:&quot;&quot;},&quot;jet_parallax_layout_image_tablet&quot;:{&quot;url&quot;:&quot;&quot;,&quot;id&quot;:&quot;&quot;,&quot;size&quot;:&quot;&quot;},&quot;jet_parallax_layout_image_mobile&quot;:{&quot;url&quot;:&quot;&quot;,&quot;id&quot;:&quot;&quot;,&quot;size&quot;:&quot;&quot;},&quot;jet_parallax_layout_speed&quot;:{&quot;unit&quot;:&quot;%&quot;,&quot;size&quot;:50,&quot;sizes&quot;:[]},&quot;jet_parallax_layout_type&quot;:&quot;scroll&quot;,&quot;jet_parallax_layout_direction&quot;:null,&quot;jet_parallax_layout_fx_direction&quot;:null,&quot;jet_parallax_layout_z_index&quot;:&quot;&quot;,&quot;jet_parallax_layout_bg_x&quot;:50,&quot;jet_parallax_layout_bg_x_tablet&quot;:&quot;&quot;,&quot;jet_parallax_layout_bg_x_mobile&quot;:&quot;&quot;,&quot;jet_parallax_layout_bg_y&quot;:50,&quot;jet_parallax_layout_bg_y_tablet&quot;:&quot;&quot;,&quot;jet_parallax_layout_bg_y_mobile&quot;:&quot;&quot;,&quot;jet_parallax_layout_bg_size&quot;:&quot;auto&quot;,&quot;jet_parallax_layout_bg_size_tablet&quot;:&quot;&quot;,&quot;jet_parallax_layout_bg_size_mobile&quot;:&quot;&quot;,&quot;jet_parallax_layout_animation_prop&quot;:&quot;transform&quot;,&quot;jet_parallax_layout_on&quot;:[&quot;desktop&quot;,&quot;tablet&quot;]}]}\">\n\t\t\t\t\t\t\t<div class=\"elementor-background-overlay\"><\/div>\n\t\t\t\t\t\t\t<div class=\"elementor-container elementor-column-gap-default\">\n\t\t\t\t\t<div class=\"elementor-column elementor-col-100 elementor-top-column elementor-element elementor-element-3e2db130\" data-id=\"3e2db130\" data-element_type=\"column\">\n\t\t\t<div class=\"elementor-widget-wrap elementor-element-populated\">\n\t\t\t\t\t\t<div class=\"elementor-element elementor-element-56639aa5 elementor-widget elementor-widget-heading\" data-id=\"56639aa5\" data-element_type=\"widget\" data-widget_type=\"heading.default\">\n\t\t\t\t<div class=\"elementor-widget-container\">\n\t\t\t\t\t<h5 class=\"elementor-heading-title elementor-size-default\">Tours<\/h5>\t\t\t\t<\/div>\n\t\t\t\t<\/div>\n\t\t\t\t<div class=\"elementor-element elementor-element-e02098e elementor-widget elementor-widget-text-editor\" data-id=\"e02098e\" data-element_type=\"widget\" data-widget_type=\"text-editor.default\">\n\t\t\t\t<div class=\"elementor-widget-container\">\n\t\t\t\t\t\t\t\t\t<p> La Paz es una ciudad como ninguna otra en el mundo. Su asombrosa altura (3.600 m \/ 11.800 pies) solo es superada por su incre\u00edble belleza. <\/p>\n\t\t\t\t\t\t\t\t<\/div>\n\t\t\t\t<\/div>\n\t\t\t\t<div class=\"elementor-element elementor-element-7495580a elementor-hidden-phone elementor-widget elementor-widget-button\" data-id=\"7495580a\" data-element_type=\"widget\" data-widget_type=\"button.default\">\n\t\t\t\t<div class=\"elementor-widget-container\">\n\t\t\t\t\t\t\t\t\t<div class=\"elementor-button-wrapper\">\n\t\t\t\t\t<a class=\"elementor-button elementor-button-link elementor-size-sm elementor-animation-grow\" href=\"#elementor-action%3Aaction%3Dpopup%3Aopen%26settings%3DeyJpZCI6IjE2NTQiLCJ0b2dnbGUiOmZhbHNlfQ%3D%3D\" target=\"_blank\">\n\t\t\t\t\t\t<span class=\"elementor-button-content-wrapper\">\n\t\t\t\t\t\t\t\t\t<span class=\"elementor-button-text\">RESERVA AHORA<\/span>\n\t\t\t\t\t<\/span>\n\t\t\t\t\t<\/a>\n\t\t\t\t<\/div>\n\t\t\t\t\t\t\t\t<\/div>\n\t\t\t\t<\/div>\n\t\t\t\t\t<\/div>\n\t\t<\/div>\n\t\t\t\t\t<\/div>\n\t\t<\/section>\n\t\t\t\t<section class=\"elementor-section elementor-top-section elementor-element elementor-element-3423df9a elementor-section-boxed elementor-section-height-default elementor-section-height-default\" data-id=\"3423df9a\" data-element_type=\"section\" data-settings=\"{&quot;jet_parallax_layout_list&quot;:[{&quot;_id&quot;:&quot;d172b35&quot;,&quot;jet_parallax_layout_image&quot;:{&quot;url&quot;:&quot;&quot;,&quot;id&quot;:&quot;&quot;,&quot;size&quot;:&quot;&quot;},&quot;jet_parallax_layout_image_tablet&quot;:{&quot;url&quot;:&quot;&quot;,&quot;id&quot;:&quot;&quot;,&quot;size&quot;:&quot;&quot;},&quot;jet_parallax_layout_image_mobile&quot;:{&quot;url&quot;:&quot;&quot;,&quot;id&quot;:&quot;&quot;,&quot;size&quot;:&quot;&quot;},&quot;jet_parallax_layout_speed&quot;:{&quot;unit&quot;:&quot;%&quot;,&quot;size&quot;:50,&quot;sizes&quot;:[]},&quot;jet_parallax_layout_type&quot;:&quot;scroll&quot;,&quot;jet_parallax_layout_direction&quot;:null,&quot;jet_parallax_layout_fx_direction&quot;:null,&quot;jet_parallax_layout_z_index&quot;:&quot;&quot;,&quot;jet_parallax_layout_bg_x&quot;:50,&quot;jet_parallax_layout_bg_x_tablet&quot;:&quot;&quot;,&quot;jet_parallax_layout_bg_x_mobile&quot;:&quot;&quot;,&quot;jet_parallax_layout_bg_y&quot;:50,&quot;jet_parallax_layout_bg_y_tablet&quot;:&quot;&quot;,&quot;jet_parallax_layout_bg_y_mobile&quot;:&quot;&quot;,&quot;jet_parallax_layout_bg_size&quot;:&quot;auto&quot;,&quot;jet_parallax_layout_bg_size_tablet&quot;:&quot;&quot;,&quot;jet_parallax_layout_bg_size_mobile&quot;:&quot;&quot;,&quot;jet_parallax_layout_animation_prop&quot;:&quot;transform&quot;,&quot;jet_parallax_layout_on&quot;:[&quot;desktop&quot;,&quot;tablet&quot;]}]}\">\n\t\t\t\t\t\t<div class=\"elementor-container elementor-column-gap-default\">\n\t\t\t\t\t<div class=\"elementor-column elementor-col-100 elementor-top-column elementor-element elementor-element-14105c45\" data-id=\"14105c45\" data-element_type=\"column\">\n\t\t\t<div class=\"elementor-widget-wrap elementor-element-populated\">\n\t\t\t\t\t\t<div class=\"elementor-element elementor-element-a64a61c elementor-widget elementor-widget-heading\" data-id=\"a64a61c\" data-element_type=\"widget\" data-widget_type=\"heading.default\">\n\t\t\t\t<div class=\"elementor-widget-container\">\n\t\t\t\t\t<h4 class=\"elementor-heading-title elementor-size-default\">DESCRIPCION<\/h4>\t\t\t\t<\/div>\n\t\t\t\t<\/div>\n\t\t\t\t<div class=\"elementor-element elementor-element-bbd65fc elementor-widget elementor-widget-text-editor\" data-id=\"bbd65fc\" data-element_type=\"widget\" data-widget_type=\"text-editor.default\">\n\t\t\t\t<div class=\"elementor-widget-container\">\n\t\t\t\t\t\t\t\t\t<p>Reserve su recorrido por la ciudad de La Paz en l\u00ednea ahora o pague a su gu\u00eda directamente en PLAZA SAN PEDRO (Plaza Sucre en algunos mapas) a las 10 a. m. \u00f3 a las 2 p. m. todos los d\u00edas.<\/p>\n<p>La Paz es una ciudad como ninguna otra en tierra. Su asombrosa altura (3.600 m \/ 11.800 pies) solo es superada por su incre\u00edble belleza. La primera vista de La Paz, Bolivia, que se extiende sobre un hermoso valle y est\u00e1 rodeada de enormes monta\u00f1as, es inolvidable, pero su huella perdurable en quienes la visitan es la vida que tiene dentro de las paredes del valle.<\/p>\n<p>Nuestro \u00a1El recorrido a pie por la ciudad de La Paz dar\u00e1 vida a esta ciudad compleja, concurrida e incre\u00edblemente interesante! La gente, la historia y las costumbres que componen La Paz son realmente fascinantes y dan una idea de la vida que constituye una de las ciudades m\u00e1s vibrantes del mundo. Una visita a La Paz no est\u00e1 completa sin caminar por sus estrechos callejones, conocer a su gente y conocer el pasado que la convierte en lo que es ahora.<\/p>\n<p>Busque su incre\u00edble gu\u00eda Red Cap a las 10 a. m. y a las 2 p. m. Diariamente en el centro de PLAZA SAN PEDRO (Plaza Sucre en algunos mapas). Nuestros gu\u00edas usan camisetas de I heart La Paz, gorras rojas con nuestro logo y tienen credenciales de gu\u00eda.<\/p>\n<p>\u00a1Reserve ahora o asista al recorrido por la ciudad de La Paz de su elecci\u00f3n!<\/p>\n<p>Disfrute su recorrido y recuerde que si le encant\u00f3 su recorrido por la ciudad de La Paz, \u00a1d\u00e9les propina a sus incre\u00edbles gu\u00edas! (Para aquellos que no est\u00e1n acostumbrados a dar propinas, la propina promedio que la gente da es de $ 5 a $ 10)<\/p>\t\t\t\t\t\t\t\t<\/div>\n\t\t\t\t<\/div>\n\t\t\t\t<div class=\"elementor-element elementor-element-82df135 elementor-tabs-view-horizontal elementor-widget elementor-widget-tabs\" data-id=\"82df135\" data-element_type=\"widget\" data-widget_type=\"tabs.default\">\n\t\t\t\t<div class=\"elementor-widget-container\">\n\t\t\t\t\t\t\t<div class=\"elementor-tabs\">\n\t\t\t<div class=\"elementor-tabs-wrapper\" role=\"tablist\" >\n\t\t\t\t\t\t\t\t\t<div id=\"elementor-tab-title-1371\" class=\"elementor-tab-title elementor-tab-desktop-title\" aria-selected=\"true\" data-tab=\"1\" role=\"tab\" tabindex=\"0\" aria-controls=\"elementor-tab-content-1371\" aria-expanded=\"false\">DESTACADO<\/div>\n\t\t\t\t\t\t\t\t\t<div id=\"elementor-tab-title-1372\" class=\"elementor-tab-title elementor-tab-desktop-title\" aria-selected=\"false\" data-tab=\"2\" role=\"tab\" tabindex=\"-1\" aria-controls=\"elementor-tab-content-1372\" aria-expanded=\"false\">ITINERARIO<\/div>\n\t\t\t\t\t\t\t<\/div>\n\t\t\t<div class=\"elementor-tabs-content-wrapper\" role=\"tablist\" aria-orientation=\"vertical\">\n\t\t\t\t\t\t\t\t\t<div class=\"elementor-tab-title elementor-tab-mobile-title\" aria-selected=\"true\" data-tab=\"1\" role=\"tab\" tabindex=\"0\" aria-controls=\"elementor-tab-content-1371\" aria-expanded=\"false\">DESTACADO<\/div>\n\t\t\t\t\t<div id=\"elementor-tab-content-1371\" class=\"elementor-tab-content elementor-clearfix\" data-tab=\"1\" role=\"tabpanel\" aria-labelledby=\"elementor-tab-title-1371\" tabindex=\"0\" hidden=\"false\"><ul>\n<li> \u00a1Tour por la ciudad mejor calificado en TripAdvisor! <\/li>\n<li> Calificado como uno de los mejores tours a pie por la ciudad en Sudam\u00e9rica <\/li>\n<li> \u00a1Tan barato como podemos hacerlo legalmente! li>\n<li> Aprenda sobre la cultura y las costumbres locales <\/li>\n<li> Ori\u00e9ntese en esta ajetreada ciudad <\/li>\n<li> \u00a1Divertido! <\/li>\n<\/ul>\n<\/div>\n\t\t\t\t\t\t\t\t\t<div class=\"elementor-tab-title elementor-tab-mobile-title\" aria-selected=\"false\" data-tab=\"2\" role=\"tab\" tabindex=\"-1\" aria-controls=\"elementor-tab-content-1372\" aria-expanded=\"false\">ITINERARIO<\/div>\n\t\t\t\t\t<div id=\"elementor-tab-content-1372\" class=\"elementor-tab-content elementor-clearfix\" data-tab=\"2\" role=\"tabpanel\" aria-labelledby=\"elementor-tab-title-1372\" tabindex=\"0\" hidden=\"hidden\"><p><strong> \u00a1VISITAS DEL CITY TOUR! <\/strong><\/p><p>-PLAZA SAN PEDRO \/ Prisi\u00f3n &#8211; <strong> Nos reunimos aqu\u00ed TODOS LOS D\u00cdAS a las 10a.m. y 2p.m. \u00a1Busque al gu\u00eda con la Gorra Roja y la camiseta de I Heart La Paz en el centro de la Plaza! <\/strong> <br \/>El recorrido por la ciudad de La Paz comienza en el centro de la plaza. Aunque ya no est\u00e1 permitido en la prisi\u00f3n, esta antigua fortaleza militar convertida en una de las prisiones m\u00e1s interesantes del mundo en el centro de la ciudad sin duda merece una visita.<\/p><p>-Mercado Rodr\u00edguez <br \/>El vibrante mercado callejero vivo en los colores, texturas, trueques y tradiciones aymara. \u00a1Pruebe productos locales nuevos y ex\u00f3ticos!<\/p><p>-Mercado de las Brujas <br \/>Coloridos puestos donde a\u00fan se practican antiguas creencias aymara. \u00a1Lee tu fortuna en hojas de coca!<\/p><p>-Iglesia \/ Plaza San Francisco <br \/>La hermosa catedral que simboliza la ciudad, vieja y nueva.<\/p><p>-Plaza Murrillo <br \/>El centro de la ciudad, la pol\u00edtica boliviana y toda su dram\u00e1tica historia.<\/p><p>&#8211; Restaurante local<\/p><p>Termine su recorrido por la ciudad de La Paz probando una bebida local y obtenga ayuda para reservar cualquier cosa que te gustar\u00eda hacer en Bolivia!<\/p><\/div>\n\t\t\t\t\t\t\t<\/div>\n\t\t<\/div>\n\t\t\t\t\t\t<\/div>\n\t\t\t\t<\/div>\n\t\t\t\t<div class=\"elementor-element elementor-element-3353651 elementor-align-center elementor-hidden-phone elementor-widget elementor-widget-button\" data-id=\"3353651\" data-element_type=\"widget\" data-settings=\"{&quot;sticky&quot;:&quot;bottom&quot;,&quot;sticky_on&quot;:[&quot;mobile&quot;],&quot;sticky_offset&quot;:0,&quot;sticky_effects_offset&quot;:0,&quot;sticky_anchor_link_offset&quot;:0}\" data-widget_type=\"button.default\">\n\t\t\t\t<div class=\"elementor-widget-container\">\n\t\t\t\t\t\t\t\t\t<div class=\"elementor-button-wrapper\">\n\t\t\t\t\t<a class=\"elementor-button elementor-button-link elementor-size-sm elementor-animation-grow\" href=\"#elementor-action%3Aaction%3Dpopup%3Aopen%26settings%3DeyJpZCI6IjE2NTQiLCJ0b2dnbGUiOmZhbHNlfQ%3D%3D\">\n\t\t\t\t\t\t<span class=\"elementor-button-content-wrapper\">\n\t\t\t\t\t\t\t\t\t<span class=\"elementor-button-text\">RESERVAR AHORA<\/span>\n\t\t\t\t\t<\/span>\n\t\t\t\t\t<\/a>\n\t\t\t\t<\/div>\n\t\t\t\t\t\t\t\t<\/div>\n\t\t\t\t<\/div>\n\t\t\t\t<div class=\"elementor-element elementor-element-20bb5c38 elementor-widget elementor-widget-heading\" data-id=\"20bb5c38\" data-element_type=\"widget\" data-widget_type=\"heading.default\">\n\t\t\t\t<div class=\"elementor-widget-container\">\n\t\t\t\t\t<h4 class=\"elementor-heading-title elementor-size-default\">Mira m\u00e1s de cerca<\/h4>\t\t\t\t<\/div>\n\t\t\t\t<\/div>\n\t\t\t\t<div class=\"elementor-element elementor-element-791bed3e gallery-spacing-custom elementor-widget elementor-widget-image-gallery\" data-id=\"791bed3e\" data-element_type=\"widget\" data-widget_type=\"image-gallery.default\">\n\t\t\t\t<div class=\"elementor-widget-container\">\n\t\t\t\t\t\t\t<div class=\"elementor-image-gallery\">\n\t\t\t<div id='gallery-1' class='gallery galleryid-1091 gallery-columns-3 gallery-size-full'><figure class='gallery-item'>\n\t\t\t<div class='gallery-icon landscape'>\n\t\t\t\t<img fetchpriority=\"high\" decoding=\"async\" width=\"900\" height=\"600\" src=\"https:\/\/redcapwalkingtours.com\/wp-content\/uploads\/900x600-1-50-1be29ed089a5e7d939d4a779e6215efc.jpg\" class=\"attachment-full size-full\" alt=\"\" srcset=\"https:\/\/redcapwalkingtours.com\/wp-content\/uploads\/900x600-1-50-1be29ed089a5e7d939d4a779e6215efc.jpg 900w, https:\/\/redcapwalkingtours.com\/wp-content\/uploads\/900x600-1-50-1be29ed089a5e7d939d4a779e6215efc-300x200.jpg 300w, https:\/\/redcapwalkingtours.com\/wp-content\/uploads\/900x600-1-50-1be29ed089a5e7d939d4a779e6215efc-768x512.jpg 768w\" sizes=\"(max-width: 900px) 100vw, 900px\" \/>\n\t\t\t<\/div><\/figure><figure class='gallery-item'>\n\t\t\t<div class='gallery-icon landscape'>\n\t\t\t\t<img decoding=\"async\" width=\"900\" height=\"600\" src=\"https:\/\/redcapwalkingtours.com\/wp-content\/uploads\/900x600-1-50-5df4cca2729bcb36768bad016f42b5a5.jpg\" class=\"attachment-full size-full\" alt=\"\" srcset=\"https:\/\/redcapwalkingtours.com\/wp-content\/uploads\/900x600-1-50-5df4cca2729bcb36768bad016f42b5a5.jpg 900w, https:\/\/redcapwalkingtours.com\/wp-content\/uploads\/900x600-1-50-5df4cca2729bcb36768bad016f42b5a5-300x200.jpg 300w, https:\/\/redcapwalkingtours.com\/wp-content\/uploads\/900x600-1-50-5df4cca2729bcb36768bad016f42b5a5-768x512.jpg 768w\" sizes=\"(max-width: 900px) 100vw, 900px\" \/>\n\t\t\t<\/div><\/figure><figure class='gallery-item'>\n\t\t\t<div class='gallery-icon landscape'>\n\t\t\t\t<img decoding=\"async\" width=\"900\" height=\"600\" src=\"https:\/\/redcapwalkingtours.com\/wp-content\/uploads\/900x600-1-50-5fc0a11559cd83ac7f5ac1adf27e8997.jpg\" class=\"attachment-full size-full\" alt=\"\" srcset=\"https:\/\/redcapwalkingtours.com\/wp-content\/uploads\/900x600-1-50-5fc0a11559cd83ac7f5ac1adf27e8997.jpg 900w, https:\/\/redcapwalkingtours.com\/wp-content\/uploads\/900x600-1-50-5fc0a11559cd83ac7f5ac1adf27e8997-300x200.jpg 300w, https:\/\/redcapwalkingtours.com\/wp-content\/uploads\/900x600-1-50-5fc0a11559cd83ac7f5ac1adf27e8997-768x512.jpg 768w\" sizes=\"(max-width: 900px) 100vw, 900px\" \/>\n\t\t\t<\/div><\/figure><figure class='gallery-item'>\n\t\t\t<div class='gallery-icon landscape'>\n\t\t\t\t<img loading=\"lazy\" decoding=\"async\" width=\"900\" height=\"600\" src=\"https:\/\/redcapwalkingtours.com\/wp-content\/uploads\/900x600-1-50-6342e3aa49178763916068c826fcd15f.jpg\" class=\"attachment-full size-full\" alt=\"\" srcset=\"https:\/\/redcapwalkingtours.com\/wp-content\/uploads\/900x600-1-50-6342e3aa49178763916068c826fcd15f.jpg 900w, https:\/\/redcapwalkingtours.com\/wp-content\/uploads\/900x600-1-50-6342e3aa49178763916068c826fcd15f-300x200.jpg 300w, https:\/\/redcapwalkingtours.com\/wp-content\/uploads\/900x600-1-50-6342e3aa49178763916068c826fcd15f-768x512.jpg 768w\" sizes=\"(max-width: 900px) 100vw, 900px\" \/>\n\t\t\t<\/div><\/figure><figure class='gallery-item'>\n\t\t\t<div class='gallery-icon landscape'>\n\t\t\t\t<img loading=\"lazy\" decoding=\"async\" width=\"900\" height=\"600\" src=\"https:\/\/redcapwalkingtours.com\/wp-content\/uploads\/900x600-1-50-226660347951c7a6d1750f068b2044f4.jpg\" class=\"attachment-full size-full\" alt=\"\" srcset=\"https:\/\/redcapwalkingtours.com\/wp-content\/uploads\/900x600-1-50-226660347951c7a6d1750f068b2044f4.jpg 900w, https:\/\/redcapwalkingtours.com\/wp-content\/uploads\/900x600-1-50-226660347951c7a6d1750f068b2044f4-300x200.jpg 300w, https:\/\/redcapwalkingtours.com\/wp-content\/uploads\/900x600-1-50-226660347951c7a6d1750f068b2044f4-768x512.jpg 768w\" sizes=\"(max-width: 900px) 100vw, 900px\" \/>\n\t\t\t<\/div><\/figure><figure class='gallery-item'>\n\t\t\t<div class='gallery-icon landscape'>\n\t\t\t\t<img loading=\"lazy\" decoding=\"async\" width=\"900\" height=\"600\" src=\"https:\/\/redcapwalkingtours.com\/wp-content\/uploads\/900x600-1-50-afab90e07c556d3252b4c4abad04fca4.jpg\" class=\"attachment-full size-full\" alt=\"\" srcset=\"https:\/\/redcapwalkingtours.com\/wp-content\/uploads\/900x600-1-50-afab90e07c556d3252b4c4abad04fca4.jpg 900w, https:\/\/redcapwalkingtours.com\/wp-content\/uploads\/900x600-1-50-afab90e07c556d3252b4c4abad04fca4-300x200.jpg 300w, https:\/\/redcapwalkingtours.com\/wp-content\/uploads\/900x600-1-50-afab90e07c556d3252b4c4abad04fca4-768x512.jpg 768w\" sizes=\"(max-width: 900px) 100vw, 900px\" \/>\n\t\t\t<\/div><\/figure><figure class='gallery-item'>\n\t\t\t<div class='gallery-icon landscape'>\n\t\t\t\t<img loading=\"lazy\" decoding=\"async\" width=\"900\" height=\"600\" src=\"https:\/\/redcapwalkingtours.com\/wp-content\/uploads\/900x600-1-50-df53a91ef124bad34bb83fcb6eba3654.jpg\" class=\"attachment-full size-full\" alt=\"\" srcset=\"https:\/\/redcapwalkingtours.com\/wp-content\/uploads\/900x600-1-50-df53a91ef124bad34bb83fcb6eba3654.jpg 900w, https:\/\/redcapwalkingtours.com\/wp-content\/uploads\/900x600-1-50-df53a91ef124bad34bb83fcb6eba3654-300x200.jpg 300w, https:\/\/redcapwalkingtours.com\/wp-content\/uploads\/900x600-1-50-df53a91ef124bad34bb83fcb6eba3654-768x512.jpg 768w\" sizes=\"(max-width: 900px) 100vw, 900px\" \/>\n\t\t\t<\/div><\/figure><figure class='gallery-item'>\n\t\t\t<div class='gallery-icon landscape'>\n\t\t\t\t<img loading=\"lazy\" decoding=\"async\" width=\"900\" height=\"600\" src=\"https:\/\/redcapwalkingtours.com\/wp-content\/uploads\/900x600-1-50-e3fe3c964e36e5e1e562c129cb89e369.jpg\" class=\"attachment-full size-full\" alt=\"\" srcset=\"https:\/\/redcapwalkingtours.com\/wp-content\/uploads\/900x600-1-50-e3fe3c964e36e5e1e562c129cb89e369.jpg 900w, https:\/\/redcapwalkingtours.com\/wp-content\/uploads\/900x600-1-50-e3fe3c964e36e5e1e562c129cb89e369-300x200.jpg 300w, https:\/\/redcapwalkingtours.com\/wp-content\/uploads\/900x600-1-50-e3fe3c964e36e5e1e562c129cb89e369-768x512.jpg 768w\" sizes=\"(max-width: 900px) 100vw, 900px\" \/>\n\t\t\t<\/div><\/figure><figure class='gallery-item'>\n\t\t\t<div class='gallery-icon landscape'>\n\t\t\t\t<img loading=\"lazy\" decoding=\"async\" width=\"900\" height=\"600\" src=\"https:\/\/redcapwalkingtours.com\/wp-content\/uploads\/900x600-1-50-eae16205415ac7544d968531794c3f1a.jpg\" class=\"attachment-full size-full\" alt=\"\" srcset=\"https:\/\/redcapwalkingtours.com\/wp-content\/uploads\/900x600-1-50-eae16205415ac7544d968531794c3f1a.jpg 900w, https:\/\/redcapwalkingtours.com\/wp-content\/uploads\/900x600-1-50-eae16205415ac7544d968531794c3f1a-300x200.jpg 300w, https:\/\/redcapwalkingtours.com\/wp-content\/uploads\/900x600-1-50-eae16205415ac7544d968531794c3f1a-768x512.jpg 768w\" sizes=\"(max-width: 900px) 100vw, 900px\" \/>\n\t\t\t<\/div><\/figure>\n\t\t<\/div>\n\t\t<\/div>\n\t\t\t\t\t\t<\/div>\n\t\t\t\t<\/div>\n\t\t\t\t<div class=\"elementor-element elementor-element-0db5c09 elementor-hidden-phone elementor-widget elementor-widget-html\" data-id=\"0db5c09\" data-element_type=\"widget\" data-widget_type=\"html.default\">\n\t\t\t\t<div class=\"elementor-widget-container\">\n\t\t\t\t\t<center><script src=\"https:\/\/bw.trekksoft.com\/loader.js\" async data-owner=\"trekksoft\" data-type=\"activity-booking\" data-id=\"27878\" data-client-id=\"BOOKIE-5fcde6a416ca54e51b9ceb4a8\" data-token=\"047d011cc3ea01438849f6b44630e5d2b47d229f707c6ff2\" data-element=\"embed\" data-width=\"600px\" data-height=\"800px\"><\/script><\/center>\t\t\t\t<\/div>\n\t\t\t\t<\/div>\n\t\t\t\t<div class=\"elementor-element elementor-element-4f6b39b elementor-align-center elementor-mobile-align-center elementor-hidden-desktop elementor-hidden-tablet elementor-widget elementor-widget-button\" data-id=\"4f6b39b\" data-element_type=\"widget\" data-settings=\"{&quot;sticky&quot;:&quot;bottom&quot;,&quot;sticky_on&quot;:[&quot;mobile&quot;],&quot;sticky_offset&quot;:0,&quot;sticky_effects_offset&quot;:0,&quot;sticky_anchor_link_offset&quot;:0}\" data-widget_type=\"button.default\">\n\t\t\t\t<div class=\"elementor-widget-container\">\n\t\t\t\t\t\t\t\t\t<div class=\"elementor-button-wrapper\">\n\t\t\t\t\t<a class=\"elementor-button elementor-button-link elementor-size-sm elementor-animation-grow\" href=\"#elementor-action%3Aaction%3Dpopup%3Aopen%26settings%3DeyJpZCI6IjE2NTQiLCJ0b2dnbGUiOmZhbHNlfQ%3D%3D\">\n\t\t\t\t\t\t<span class=\"elementor-button-content-wrapper\">\n\t\t\t\t\t\t\t\t\t<span class=\"elementor-button-text\">RESERVAR AHORA<\/span>\n\t\t\t\t\t<\/span>\n\t\t\t\t\t<\/a>\n\t\t\t\t<\/div>\n\t\t\t\t\t\t\t\t<\/div>\n\t\t\t\t<\/div>\n\t\t\t\t\t<\/div>\n\t\t<\/div>\n\t\t\t\t\t<\/div>\n\t\t<\/section>\n\t\t\t\t<\/div>\n\t\t","protected":false},"excerpt":{"rendered":"<p>Tours La Paz es una ciudad como ninguna otra en el mundo. Su asombrosa altura (3.600 m \/ 11.800 pies) solo es superada por su incre\u00edble belleza. RESERVA AHORA DESCRIPCION Reserve su recorrido por la ciudad de La Paz en l\u00ednea ahora o pague a su gu\u00eda directamente en PLAZA SAN PEDRO (Plaza Sucre en [&hellip;]<\/p>\n","protected":false},"author":1,"featured_media":1073,"parent":1023,"menu_order":0,"comment_status":"closed","ping_status":"closed","template":"elementor_header_footer","meta":{"_monsterinsights_skip_tracking":false,"_monsterinsights_sitenote_active":false,"_monsterinsights_sitenote_note":"","_monsterinsights_sitenote_category":0,"_joinchat":[],"footnotes":""},"class_list":["post-1091","page","type-page","status-publish","has-post-thumbnail","hentry"],"_links":{"self":[{"href":"https:\/\/redcapwalkingtours.com\/es\/wp-json\/wp\/v2\/pages\/1091","targetHints":{"allow":["GET"]}}],"collection":[{"href":"https:\/\/redcapwalkingtours.com\/es\/wp-json\/wp\/v2\/pages"}],"about":[{"href":"https:\/\/redcapwalkingtours.com\/es\/wp-json\/wp\/v2\/types\/page"}],"author":[{"embeddable":true,"href":"https:\/\/redcapwalkingtours.com\/es\/wp-json\/wp\/v2\/users\/1"}],"replies":[{"embeddable":true,"href":"https:\/\/redcapwalkingtours.com\/es\/wp-json\/wp\/v2\/comments?post=1091"}],"version-history":[{"count":10,"href":"https:\/\/redcapwalkingtours.com\/es\/wp-json\/wp\/v2\/pages\/1091\/revisions"}],"predecessor-version":[{"id":1727,"href":"https:\/\/redcapwalkingtours.com\/es\/wp-json\/wp\/v2\/pages\/1091\/revisions\/1727"}],"up":[{"embeddable":true,"href":"https:\/\/redcapwalkingtours.com\/es\/wp-json\/wp\/v2\/pages\/1023"}],"wp:featuredmedia":[{"embeddable":true,"href":"https:\/\/redcapwalkingtours.com\/es\/wp-json\/wp\/v2\/media\/1073"}],"wp:attachment":[{"href":"https:\/\/redcapwalkingtours.com\/es\/wp-json\/wp\/v2\/media?parent=1091"}],"curies":[{"name":"wp","href":"https:\/\/api.w.org\/{rel}","templated":true}]}}